{"id":29,"date":"2019-10-15T08:58:50","date_gmt":"2019-10-15T08:58:50","guid":{"rendered":"http:\/\/nc-piarc.si\/_varnost-htm\/"},"modified":"2021-03-26T18:59:25","modified_gmt":"2021-03-26T18:59:25","slug":"varnost","status":"publish","type":"page","link":"https:\/\/nc-piarc.si\/en\/varnost\/","title":{"rendered":"Road safety"},"content":{"rendered":"<h3 class=\"wp-block-heading\"><span style=\"color: #ff9900;\">For better traffic safety<\/span><\/h3>\n\n\n\n<h4 class=\"sans wp-block-heading\"><span style=\"color: #ff9900;\"><strong>Common effort counts!<\/strong><\/span><\/h4>\n\n\n\n<p class=\"sans\">Although traffic safety is not the main field of interest for NC PIARC Slovenia, we as experts in traffic and transport are aware of its importance for Slovenian society and people at large. Therefore we <b>welcome and support all endeavours<\/b> of state, non-governmental organisations and civil societies that work and stand <b>for increase in the level of traffic safety and for reduction of casualties of road accidents.<\/b>.<\/p>\n\n\n\n<h4 class=\"sans wp-block-heading\"><span style=\"color: #ff9900;\"><strong>Activities of our members<\/strong><\/span><\/h4>\n\n\n\n<p class=\"sans\">From the beginning of NC PIARC Slovenia our members are among others also active in those WRA-PIARC technical committees which deal with traffic safety. In these committees various research projects are under way that deal with different issues of traffic safety. Those issues are chosen and designated for 4 years terms in the valid <a href=\"http:\/\/nc-piarc.si\/wp-content\/uploads\/2020\/02\/Strateski_nacrt_PIARC_2020-2023-2.pdf\" target=\"_blank\" rel=\"noopener noreferrer\"><b>PIARC Strategic plan.<\/b><\/a>.<\/p>\n\n\n\n<p>They are currently in research work through a technical committee with a working title <b>TC 3.2 Design and operation of safer road infrastructure<\/b>, 2 of our members are involved, and another works in the field of traffic safety &amp; security.<\/p>\n\n\n\n<hr class=\"wp-block-separator is-style-wide\"\/>\n\n\n\n<h2 class=\"wp-block-heading\"><span style=\"color: #ff9900;\">Useful information<\/span><\/h2>\n\n\n\n<p class=\"sans\">With the intention of helping in spreading the awareness about safe behaviour in road traffic we are here publishing a small number of educational films which can link you also to other similar video clips in our <a href=\"https:\/\/nc-piarc.si\/en\/knjiznica\/\"><b>library<\/b><\/a>.<\/p>\n\n\n\n<h4 class=\"sans wp-block-heading\"><span style=\"color: #ff9900;\"><strong>Some links from the field of traffic safety<\/strong><\/span><\/h4>\n\n\n\n<p class=\"sans\">In Slovenia and all around the world there are number of governmental and non-governmental organisations, companies and voluntary civil associations that each in their own way strive for enhancing road traffic safety and reducing the number casualties of road accidents. NC PIARC Slovenia is formally not connected with any of them but our members are cooperating with experts from these organisations through their workingactivities.<\/p>\n\n\n\n<p>For your convenience we are providing here links to websites of some of those associations (with no preferences), where you can access various information about activities in the field of road traffic safety.<\/p>\n\n\n\n<hr class=\"wp-block-separator is-style-wide\"\/>\n\n\n\n<p><strong>Dru\u017eba za avtoceste v Republiki Sloveniji (DARS d.d.)<\/strong><br>Spletna stran: <a href=\"https:\/\/www.dars.si\/Varno_na_poti\/Nasveti_za_varno_voznjo\" target=\"_blank\" rel=\"noopener noreferrer\"><b>www.dars.si<\/b><\/a><\/p>\n\n\n\n<figure class=\"wp-block-image\"><img decoding=\"async\" src=\"http:\/\/nc-piarc.si\/wp-content\/uploads\/2019\/10\/DARS_logo_2-4.jpg\" alt=\"\" title=\"logo_DARS\"\/><\/figure>\n\n\n\n<div style=\"height:20px\" aria-hidden=\"true\" class=\"wp-block-spacer\"><\/div>\n\n\n\n<p><strong>Zavod varna pot<\/strong><br>Spletna stran: <a href=\"http:\/\/www.varna-pot.si\" target=\"_blank\" rel=\"noopener noreferrer\"><b>www.varna-pot.si<\/b><\/a><\/p>\n\n\n\n<figure class=\"wp-block-image\"><img decoding=\"async\" src=\"http:\/\/nc-piarc.si\/wp-content\/uploads\/2019\/10\/Varna_pot-4.jpg\" alt=\"\" title=\"logo_varnapot\"\/><\/figure>\n\n\n\n<div style=\"height:20px\" aria-hidden=\"true\" class=\"wp-block-spacer\"><\/div>\n\n\n\n<p><strong>Zavod VOZIM<\/strong><br>Spletna stran: <a href=\"https:\/\/www.vozim.si\/sl\/\" target=\"_blank\" rel=\"noopener noreferrer\"><b>www.vozim.si<\/b><\/a><\/p>\n\n\n\n<figure class=\"wp-block-image\"><img decoding=\"async\" src=\"http:\/\/nc-piarc.si\/wp-content\/uploads\/2019\/10\/Hodim_ne_vozim_logo-4.jpg\" alt=\"\" title=\"logo_nehodim\"\/><\/figure>\n\n\n\n<div style=\"height:20px\" aria-hidden=\"true\" class=\"wp-block-spacer\"><\/div>\n\n\n\n<p><strong>Zavod za prometno varnost<\/strong><br>Spletna stran: <a href=\"http:\/\/www.zavod-pv.si\" target=\"_blank\" rel=\"noopener noreferrer\"><b>www.zavod-pv.si<\/b><\/a><\/p>\n\n\n\n<figure class=\"wp-block-image\"><img decoding=\"async\" src=\"http:\/\/nc-piarc.si\/wp-content\/uploads\/2019\/10\/Zavod_za_prometno_varnost_logo-2.jpg\" alt=\"\" title=\"logo_zavodpv\"\/><\/figure>\n\n\n\n<div style=\"height:20px\" aria-hidden=\"true\" class=\"wp-block-spacer\"><\/div>\n\n\n\n<p><strong>European Road Safety Charter<\/strong><br>Spletna stran: <a href=\"http:\/\/www.erscharter.eu\" target=\"_blank\" rel=\"noopener noreferrer\"><b>www.erscharter.eu<\/b><\/a><\/p>\n\n\n\n<figure class=\"wp-block-image\"><img decoding=\"async\" src=\"http:\/\/nc-piarc.si\/wp-content\/uploads\/2019\/10\/EUcharter_logo-4.jpg\" alt=\"\" title=\"logo_eucharter\"\/><\/figure>\n\n\n\n<div style=\"height:20px\" aria-hidden=\"true\" class=\"wp-block-spacer\"><\/div>\n\n\n\n<p><strong>Agencija za varnost prometa Republike Slovenije<\/strong><br>Spletna stran: <strong><a href=\"https:\/\/www.avp-rs.si\/\">https:\/\/www.avp-rs.si\/<\/a><\/strong><\/p>\n\n\n\n<figure class=\"wp-block-image\"><img decoding=\"async\" src=\"https:\/\/portalspv.avp-rs.si\/images\/logo.jpg\" alt=\"Image result for Agencija za varnost prometa Republike Slovenije\"\/><\/figure>\n\n\n\n<hr class=\"wp-block-separator is-style-wide\"\/>\n\n\n\n<h4 class=\"wp-block-heading\"><span style=\"color: #ff9900;\">Traffic safety first?<\/span><\/h4>\n\n\n\n<p>Are you an expert in traffic safety? Do you work in a company\/association that deals with traffic safety? Are you cooperating in an interesting project from the field of traffic safety? Do you wish to share the results of your work with members of NC PIARC Slovenia and with other interested public?<\/p>\n\n\n\n<p><em>Do not hesitate!<\/em><\/p>\n\n\n\n<p><strong><br><span style=\"color: #ff9900;\">The main purpose of PIARC community is exchange of knowledge!<\/span><\/strong><\/p>\n\n\n\n<p>Contact us, send us your contribution and we will arrange for its publishing on NC PIARC Slovenia's website.<\/p>\n\n\n\n<p><a class=\"link_right\" href=\"https:\/\/nc-piarc.si\/en\/kontakt\/\"> Contact &gt;&gt;<\/a><\/p>\n\n\n\n<hr class=\"wp-block-separator is-style-wide\"\/>\n\n\n\n<h4 class=\"wp-block-heading\"><span style=\"color: #ff9900;\">Literature on traffic safety<\/span><\/h4>\n\n\n\n<p>Here we are publishing literature, specialized in traffic safety.<\/p>\n\n\n\n<p><em>U. Brumec, N.V. Hrabar, R. Strah, B. Matko, D. Babi\u0107 in D. Babi\u0107:<\/em><strong> referat<\/strong><br><a href=\"http:\/\/nc-piarc.si\/wp-content\/uploads\/2019\/10\/Brumec_motorcycles_Stari_Log-2.pdf\" target=\"_blank\" rel=\"noopener noreferrer\">Challenges to reduce speed of motorcycles in Stari Log curves<\/a><\/p>\n\n\n\n<p><em>Uro\u0161 Brumec in Ljiljana Herga:<\/em><strong> referat<\/strong><br><a href=\"http:\/\/nc-piarc.si\/wp-content\/uploads\/2019\/10\/Brumec_Safer_to_school-2.pdf\" target=\"_blank\" rel=\"noopener noreferrer\">Safer and healthier to school &#8211; the Slovenian approach<\/a><\/p>\n\n\n\n<p><em>Uro\u0161 Brumec:<\/em><strong> referat<\/strong><br><a href=\"http:\/\/nc-piarc.si\/wp-content\/uploads\/2019\/10\/Brumec_Referat_BiH_2016-2.pdf\" target=\"_blank\" rel=\"noopener noreferrer\">How can we enhance the safety of school children with usage of human factor knowledge in road design?<\/a><\/p>\n\n\n\n<p><em>Uro\u0161 Brumec:<\/em><strong> projektna naloga<\/strong><br><a href=\"http:\/\/nc-piarc.si\/wp-content\/uploads\/2019\/10\/Projektna_naloga_Brumec_2016-2.pdf\" target=\"_blank\" rel=\"noopener noreferrer\">Varnost \u0161olarjev pred \u0161olo in na poti v \u0161olo \u2013 ureditev prometne infrastrukture z upo\u0161tevanjem \u010dlove\u0161kega dejavnika<\/a><\/p>\n\n\n\n<p><em>Tehni\u010dni odbor PIARC 3.2, soavtor Uro\u0161 Brumec:<\/em><strong> zaklju\u010dno poro\u010dilo<\/strong><br><a href=\"http:\/\/nc-piarc.si\/wp-content\/uploads\/2019\/10\/Activity_report_TC_3_2_Brumec_2012_2015-4.pdf\" target=\"_blank\" rel=\"noopener noreferrer\">Activity report 2012-2015<\/a><\/p>\n\n\n\n<p><em>Tehni\u010dni odbor PIARC C.1, soavtor Uro\u0161 Brumec:<\/em><strong> priro\u010dnik<\/strong><br><a href=\"http:\/\/nc-piarc.si\/wp-content\/uploads\/2019\/10\/Brumec_PIARC_TCC1_Safe_working_on_roads-4.pdf\" target=\"_blank\" rel=\"noopener noreferrer\">Improvements in safe working on roads<\/a><\/p>\n\n\n\n<p><em>WRA-PIARC:<\/em><strong> poro\u010dilo posebnega projekta<\/strong><br><a href=\"http:\/\/nc-piarc.si\/wp-content\/uploads\/2019\/10\/Importance_of_road_maintenance_2014-4.pdf\" target=\"_blank\" rel=\"noopener noreferrer\">The importance of road maintenance<\/a><\/p>","protected":false},"excerpt":{"rendered":"<p>Za ve\u010djo prometno varnost Potrudimo se skupaj! Podro\u010dje prometne varnosti sicer ni osrednje podro\u010dje delovanja zdru\u017eenja NK PIARC Slovenija, vendar se kot strokovnjaki s podro\u010dja prometa in transporta zavedamo njene pomembnosti za slovensko dru\u017ebo in ljudi nasploh. Zato pozdravljamo in podpiramo vsa prizadevanja dr\u017eave, nevladnih organizacij in civilnih zdru\u017eenj, ki [&hellip;]<\/p>","protected":false},"author":1,"featured_media":0,"parent":0,"menu_order":0,"comment_status":"closed","ping_status":"closed","template":"","meta":{"footnotes":""},"class_list":["post-29","page","type-page","status-publish","hentry"],"yoast_head":"<!-- This site is optimized with the Yoast SEO plugin v23.5 - https:\/\/yoast.com\/wordpress\/plugins\/seo\/ -->\n<title>Prometna Varnost - NC-PIARC.si<\/title>\n<meta name=\"robots\" content=\"index, follow, max-snippet:-1, max-image-preview:large, max-video-preview:-1\" \/>\n<link rel=\"canonical\" href=\"https:\/\/nc-piarc.si\/en\/varnost\/\" \/>\n<meta property=\"og:locale\" content=\"en_GB\" \/>\n<meta property=\"og:type\" content=\"article\" \/>\n<meta property=\"og:title\" content=\"Prometna Varnost - NC-PIARC.si\" \/>\n<meta property=\"og:description\" content=\"Za ve\u010djo prometno varnost Potrudimo se skupaj! Podro\u010dje prometne varnosti sicer ni osrednje podro\u010dje delovanja zdru\u017eenja NK PIARC Slovenija, vendar se kot strokovnjaki s podro\u010dja prometa in transporta zavedamo njene pomembnosti za slovensko dru\u017ebo in ljudi nasploh. Zato pozdravljamo in podpiramo vsa prizadevanja dr\u017eave, nevladnih organizacij in civilnih zdru\u017eenj, ki [&hellip;]\" \/>\n<meta property=\"og:url\" content=\"https:\/\/nc-piarc.si\/en\/varnost\/\" \/>\n<meta property=\"og:site_name\" content=\"NC-PIARC.si\" \/>\n<meta property=\"article:modified_time\" content=\"2021-03-26T18:59:25+00:00\" \/>\n<meta property=\"og:image\" content=\"http:\/\/nc-piarc.si\/wp-content\/uploads\/2019\/10\/DARS_logo_2-4.jpg\" \/>\n<meta name=\"twitter:card\" content=\"summary_large_image\" \/>\n<meta name=\"twitter:label1\" content=\"Estimated reading time\" \/>\n\t<meta name=\"twitter:data1\" content=\"3 minutes\" \/>\n<script type=\"application\/ld+json\" class=\"yoast-schema-graph\">{\"@context\":\"https:\/\/schema.org\",\"@graph\":[{\"@type\":\"WebPage\",\"@id\":\"https:\/\/nc-piarc.si\/varnost\/\",\"url\":\"https:\/\/nc-piarc.si\/varnost\/\",\"name\":\"Prometna Varnost - NC-PIARC.si\",\"isPartOf\":{\"@id\":\"https:\/\/nc-piarc.si\/#website\"},\"primaryImageOfPage\":{\"@id\":\"https:\/\/nc-piarc.si\/varnost\/#primaryimage\"},\"image\":{\"@id\":\"https:\/\/nc-piarc.si\/varnost\/#primaryimage\"},\"thumbnailUrl\":\"http:\/\/nc-piarc.si\/wp-content\/uploads\/2019\/10\/DARS_logo_2-4.jpg\",\"datePublished\":\"2019-10-15T08:58:50+00:00\",\"dateModified\":\"2021-03-26T18:59:25+00:00\",\"breadcrumb\":{\"@id\":\"https:\/\/nc-piarc.si\/varnost\/#breadcrumb\"},\"inLanguage\":\"en-GB\",\"potentialAction\":[{\"@type\":\"ReadAction\",\"target\":[\"https:\/\/nc-piarc.si\/varnost\/\"]}]},{\"@type\":\"ImageObject\",\"inLanguage\":\"en-GB\",\"@id\":\"https:\/\/nc-piarc.si\/varnost\/#primaryimage\",\"url\":\"http:\/\/nc-piarc.si\/wp-content\/uploads\/2019\/10\/DARS_logo_2-4.jpg\",\"contentUrl\":\"http:\/\/nc-piarc.si\/wp-content\/uploads\/2019\/10\/DARS_logo_2-4.jpg\"},{\"@type\":\"BreadcrumbList\",\"@id\":\"https:\/\/nc-piarc.si\/varnost\/#breadcrumb\",\"itemListElement\":[{\"@type\":\"ListItem\",\"position\":1,\"name\":\"Home\",\"item\":\"https:\/\/nc-piarc.si\/\"},{\"@type\":\"ListItem\",\"position\":2,\"name\":\"Prometna Varnost\"}]},{\"@type\":\"WebSite\",\"@id\":\"https:\/\/nc-piarc.si\/#website\",\"url\":\"https:\/\/nc-piarc.si\/\",\"name\":\"NC-PIARC.si\",\"description\":\"Spletna stran dru\u0161tva NC-PIARC Slovenije\",\"publisher\":{\"@id\":\"https:\/\/nc-piarc.si\/#organization\"},\"potentialAction\":[{\"@type\":\"SearchAction\",\"target\":{\"@type\":\"EntryPoint\",\"urlTemplate\":\"https:\/\/nc-piarc.si\/?s={search_term_string}\"},\"query-input\":{\"@type\":\"PropertyValueSpecification\",\"valueRequired\":true,\"valueName\":\"search_term_string\"}}],\"inLanguage\":\"en-GB\"},{\"@type\":\"Organization\",\"@id\":\"https:\/\/nc-piarc.si\/#organization\",\"name\":\"NC-PIARC.si\",\"url\":\"https:\/\/nc-piarc.si\/\",\"logo\":{\"@type\":\"ImageObject\",\"inLanguage\":\"en-GB\",\"@id\":\"https:\/\/nc-piarc.si\/#\/schema\/logo\/image\/\",\"url\":\"https:\/\/nc-piarc.si\/wp-content\/uploads\/2020\/09\/cropped-PIARC_SLO_LOGO-05-1-1.jpg\",\"contentUrl\":\"https:\/\/nc-piarc.si\/wp-content\/uploads\/2020\/09\/cropped-PIARC_SLO_LOGO-05-1-1.jpg\",\"width\":897,\"height\":1009,\"caption\":\"NC-PIARC.si\"},\"image\":{\"@id\":\"https:\/\/nc-piarc.si\/#\/schema\/logo\/image\/\"}}]}<\/script>\n<!-- \/ Yoast SEO plugin. -->","yoast_head_json":{"title":"Prometna Varnost - NC-PIARC.si","robots":{"index":"index","follow":"follow","max-snippet":"max-snippet:-1","max-image-preview":"max-image-preview:large","max-video-preview":"max-video-preview:-1"},"canonical":"https:\/\/nc-piarc.si\/en\/varnost\/","og_locale":"en_GB","og_type":"article","og_title":"Prometna Varnost - NC-PIARC.si","og_description":"Za ve\u010djo prometno varnost Potrudimo se skupaj! Podro\u010dje prometne varnosti sicer ni osrednje podro\u010dje delovanja zdru\u017eenja NK PIARC Slovenija, vendar se kot strokovnjaki s podro\u010dja prometa in transporta zavedamo njene pomembnosti za slovensko dru\u017ebo in ljudi nasploh. Zato pozdravljamo in podpiramo vsa prizadevanja dr\u017eave, nevladnih organizacij in civilnih zdru\u017eenj, ki [&hellip;]","og_url":"https:\/\/nc-piarc.si\/en\/varnost\/","og_site_name":"NC-PIARC.si","article_modified_time":"2021-03-26T18:59:25+00:00","og_image":[{"url":"http:\/\/nc-piarc.si\/wp-content\/uploads\/2019\/10\/DARS_logo_2-4.jpg"}],"twitter_card":"summary_large_image","twitter_misc":{"Estimated reading time":"3 minutes"},"schema":{"@context":"https:\/\/schema.org","@graph":[{"@type":"WebPage","@id":"https:\/\/nc-piarc.si\/varnost\/","url":"https:\/\/nc-piarc.si\/varnost\/","name":"Prometna Varnost - NC-PIARC.si","isPartOf":{"@id":"https:\/\/nc-piarc.si\/#website"},"primaryImageOfPage":{"@id":"https:\/\/nc-piarc.si\/varnost\/#primaryimage"},"image":{"@id":"https:\/\/nc-piarc.si\/varnost\/#primaryimage"},"thumbnailUrl":"http:\/\/nc-piarc.si\/wp-content\/uploads\/2019\/10\/DARS_logo_2-4.jpg","datePublished":"2019-10-15T08:58:50+00:00","dateModified":"2021-03-26T18:59:25+00:00","breadcrumb":{"@id":"https:\/\/nc-piarc.si\/varnost\/#breadcrumb"},"inLanguage":"en-GB","potentialAction":[{"@type":"ReadAction","target":["https:\/\/nc-piarc.si\/varnost\/"]}]},{"@type":"ImageObject","inLanguage":"en-GB","@id":"https:\/\/nc-piarc.si\/varnost\/#primaryimage","url":"http:\/\/nc-piarc.si\/wp-content\/uploads\/2019\/10\/DARS_logo_2-4.jpg","contentUrl":"http:\/\/nc-piarc.si\/wp-content\/uploads\/2019\/10\/DARS_logo_2-4.jpg"},{"@type":"BreadcrumbList","@id":"https:\/\/nc-piarc.si\/varnost\/#breadcrumb","itemListElement":[{"@type":"ListItem","position":1,"name":"Home","item":"https:\/\/nc-piarc.si\/"},{"@type":"ListItem","position":2,"name":"Prometna Varnost"}]},{"@type":"WebSite","@id":"https:\/\/nc-piarc.si\/#website","url":"https:\/\/nc-piarc.si\/","name":"NC-PIARC.si","description":"Spletna stran dru\u0161tva NC-PIARC Slovenije","publisher":{"@id":"https:\/\/nc-piarc.si\/#organization"},"potentialAction":[{"@type":"SearchAction","target":{"@type":"EntryPoint","urlTemplate":"https:\/\/nc-piarc.si\/?s={search_term_string}"},"query-input":{"@type":"PropertyValueSpecification","valueRequired":true,"valueName":"search_term_string"}}],"inLanguage":"en-GB"},{"@type":"Organization","@id":"https:\/\/nc-piarc.si\/#organization","name":"NC-PIARC.si","url":"https:\/\/nc-piarc.si\/","logo":{"@type":"ImageObject","inLanguage":"en-GB","@id":"https:\/\/nc-piarc.si\/#\/schema\/logo\/image\/","url":"https:\/\/nc-piarc.si\/wp-content\/uploads\/2020\/09\/cropped-PIARC_SLO_LOGO-05-1-1.jpg","contentUrl":"https:\/\/nc-piarc.si\/wp-content\/uploads\/2020\/09\/cropped-PIARC_SLO_LOGO-05-1-1.jpg","width":897,"height":1009,"caption":"NC-PIARC.si"},"image":{"@id":"https:\/\/nc-piarc.si\/#\/schema\/logo\/image\/"}}]}},"_links":{"self":[{"href":"https:\/\/nc-piarc.si\/en\/wp-json\/wp\/v2\/pages\/29"}],"collection":[{"href":"https:\/\/nc-piarc.si\/en\/wp-json\/wp\/v2\/pages"}],"about":[{"href":"https:\/\/nc-piarc.si\/en\/wp-json\/wp\/v2\/types\/page"}],"author":[{"embeddable":true,"href":"https:\/\/nc-piarc.si\/en\/wp-json\/wp\/v2\/users\/1"}],"replies":[{"embeddable":true,"href":"https:\/\/nc-piarc.si\/en\/wp-json\/wp\/v2\/comments?post=29"}],"version-history":[{"count":8,"href":"https:\/\/nc-piarc.si\/en\/wp-json\/wp\/v2\/pages\/29\/revisions"}],"predecessor-version":[{"id":988,"href":"https:\/\/nc-piarc.si\/en\/wp-json\/wp\/v2\/pages\/29\/revisions\/988"}],"wp:attachment":[{"href":"https:\/\/nc-piarc.si\/en\/wp-json\/wp\/v2\/media?parent=29"}],"curies":[{"name":"wp","href":"https:\/\/api.w.org\/{rel}","templated":true}]}}