{"id":25,"date":"2020-03-06T09:55:16","date_gmt":"2020-03-06T09:55:16","guid":{"rendered":"http:\/\/nc-piarc.si\/_skupscina-htm\/"},"modified":"2021-03-26T19:17:12","modified_gmt":"2021-03-26T19:17:12","slug":"skupscina","status":"publish","type":"page","link":"https:\/\/nc-piarc.si\/en\/skupscina\/","title":{"rendered":"General assembly"},"content":{"rendered":"<div class=\"wp-block-group\"><div class=\"wp-block-group__inner-container is-layout-flow wp-block-group-is-layout-flow\">\n<div class=\"wp-block-group\"><div class=\"wp-block-group__inner-container is-layout-flow wp-block-group-is-layout-flow\">\n<p class=\"sans\"><strong><span style=\"color:#ff9900\" class=\"has-inline-color\">Najvi\u0161ji organ NK PIARC Slovenija<\/span><\/strong><\/p>\n\n\n\n<p class=\"sans\">Skup\u0161\u010dina praviloma zaseda enkrat na leto, ali na zahtevo ene \u010detrtine \u010dlanov zdru\u017eenja. Sestavljajojo vsi \u010dlani zdru\u017eenja (posamezniki, predstavniki organizacij, in\u0161titucij in gospodarskih dru\u017eb), od katerih ima vsak \u010dlan po en glas. Sklicuje jo predsednik zdru\u017eenja. Natan\u010dnej\u0161e podatke o organizaciji, nalogah in izvedbi skup\u0161\u010dine si lahko preberete v 24. in 25. \u010dlenu <a rel=\"noopener noreferrer\" href=\"http:\/\/nc-piarc.si\/wp-content\/uploads\/2020\/01\/Ustanovna_pogodba-2.pdf\" target=\"_blank\"><b> Pogodbe o ustanovitvi<\/b><\/a> NK PIARC Slovenia.<\/p>\n<\/div><\/div>\n\n\n\n<p class=\"sans\"><span style=\"color:#ff9900\" class=\"has-inline-color\"><strong>Gradivo za naslednje zasedanje skup\u0161\u010dine<\/strong><br><\/span>Prenesite si gradivo za zasedanje skup\u0161\u010dine dne&#8230;<\/p>\n\n\n\n<figure class=\"wp-block-table\"><table><tbody><tr><td><em>Naslov dokumenta<\/em><\/td><td><em>Datoteke<\/em><\/td><\/tr><tr><td><\/td><td><\/td><\/tr><tr><td><\/td><td><\/td><\/tr><tr><td><\/td><td><\/td><\/tr><\/tbody><\/table><\/figure>\n\n\n\n<hr class=\"wp-block-separator is-style-wide\"\/>\n\n\n\n<p class=\"sans\"><span style=\"color:#ff9900\" class=\"has-inline-color\"><strong>Zapisniki preteklih zasedanj<\/strong><br><\/span>Na voljo so vam zapisniki in powerpoint predstavitve posameznih zasedanj skup\u0161\u010dine.<\/p>\n\n\n\n<figure class=\"wp-block-table\"><table><tbody><tr><td>Leto<\/td><td>Zasedanje<\/td><td>Date<\/td><td>Zapisniki<\/td><td>Predstavitve<\/td><\/tr><tr><td>2020<\/td><td>22. Skup\u0161\u010dina NK PIARC Slovenija<\/td><td>24. februar 2020<\/td><td><a href=\"http:\/\/nc-piarc.si\/wp-content\/uploads\/2021\/03\/Zapisnik_22.pdf\" target=\"_blank\" rel=\"noreferrer noopener\">zapisnik<\/a><\/td><td>\/<\/td><\/tr><tr><td>2019<\/td><td><em>V letu 2019 ni bilo skup\u0161\u010dine.<\/em><\/td><td>\/<\/td><td>\/<\/td><td>\/<\/td><\/tr><tr><td>2018<\/td><td>21. skup\u0161\u010dina NK PIARC Slovenija<\/td><td>26. november 2018<\/td><td><a rel=\"noreferrer noopener\" href=\"http:\/\/nc-piarc.si\/wp-content\/uploads\/2020\/03\/21skup26_11_18-2.pdf\" target=\"_blank\">zapisnik<\/a><\/td><td><a rel=\"noreferrer noopener\" href=\"http:\/\/nc-piarc.si\/wp-content\/uploads\/2020\/03\/21skup_ppt-2.pdf\" target=\"_blank\">powerpoint<\/a><\/td><\/tr><tr><td>2017<\/td><td>20. skup\u0161\u010dina NK PIARC Slovenija<\/td><td>9. november 2017<\/td><td><a rel=\"noreferrer noopener\" href=\"http:\/\/nc-piarc.si\/wp-content\/uploads\/2020\/03\/20skup9_11_17-2.pdf\" target=\"_blank\">zapisnik<\/a><\/td><td><a rel=\"noreferrer noopener\" href=\"http:\/\/nc-piarc.si\/wp-content\/uploads\/2020\/03\/20skup_ppt-2.pdf\" target=\"_blank\">powerpoint<\/a><\/td><\/tr><tr><td>2016<\/td><td>19. skup\u0161\u010dina NK PIARC Slovenija<\/td><td>17. marec 2016<\/td><td><a rel=\"noreferrer noopener\" href=\"http:\/\/nc-piarc.si\/wp-content\/uploads\/2020\/03\/19skup17_03_16-2.pdf\" target=\"_blank\">zapisnik<\/a><\/td><td><a rel=\"noreferrer noopener\" href=\"http:\/\/nc-piarc.si\/wp-content\/uploads\/2020\/03\/19skup_ppt-2.pdf\" target=\"_blank\">powerpoint<\/a><\/td><\/tr><tr><td>2015<\/td><td>18. skup\u0161\u010dina NK PIARC Slovenija<br>17. skup\u0161\u010dina NK PIARC Slovenija<\/td><td>26. november 2015<br>1. junij 2015<\/td><td><a rel=\"noreferrer noopener\" href=\"http:\/\/nc-piarc.si\/wp-content\/uploads\/2020\/03\/18skup26_11_15-2.pdf\" target=\"_blank\">zapisnik<\/a><br><br><a rel=\"noreferrer noopener\" href=\"http:\/\/nc-piarc.si\/wp-content\/uploads\/2020\/03\/17skup01_06_15-2.pdf\" target=\"_blank\">zapisnik<\/a><\/td><td><a rel=\"noreferrer noopener\" href=\"http:\/\/nc-piarc.si\/wp-content\/uploads\/2020\/03\/18skup_ppt-2.pdf\" target=\"_blank\">powerpoint 1<\/a> +  <a rel=\"noreferrer noopener\" href=\"http:\/\/nc-piarc.si\/wp-content\/uploads\/2020\/03\/Novi_predlog_za_clanarine-2.pdf\" target=\"_blank\">powerpoint 2<\/a><br><a rel=\"noreferrer noopener\" href=\"http:\/\/nc-piarc.si\/wp-content\/uploads\/2020\/03\/17skup_ppt-2.pdf\" target=\"_blank\">powerpoint<\/a><\/td><\/tr><tr><td>2014<\/td><td>16. skup\u0161\u010dina NK PIARC Slovenija<\/td><td>18. april 2014<\/td><td><a rel=\"noreferrer noopener\" href=\"http:\/\/nc-piarc.si\/wp-content\/uploads\/2020\/03\/16skup_18_04_14-2.pdf\" target=\"_blank\">zapisnik<\/a><\/td><td><a rel=\"noreferrer noopener\" href=\"http:\/\/nc-piarc.si\/wp-content\/uploads\/2020\/03\/16skup_ppt-2.pdf\" target=\"_blank\">powerpoint<\/a><\/td><\/tr><tr><td>2013<\/td><td>15. skup\u0161\u010dina NK PIARC Slovenija<\/td><td>27. marec 2013<\/td><td><a rel=\"noreferrer noopener\" href=\"http:\/\/nc-piarc.si\/wp-content\/uploads\/2020\/03\/15skup_27_03_13-2.pdf\" target=\"_blank\">zapisnik<\/a><\/td><td><a rel=\"noreferrer noopener\" href=\"http:\/\/nc-piarc.si\/wp-content\/uploads\/2020\/03\/15skup_ppt-2.pdf\" target=\"_blank\">powerpoint<\/a><\/td><\/tr><tr><td>2012<\/td><td>14. skup\u0161\u010dina NK PIARC Slovenija<\/td><td>3. februar 2012<\/td><td><a rel=\"noreferrer noopener\" href=\"http:\/\/nc-piarc.si\/wp-content\/uploads\/2020\/03\/14skup03_02_12-2.pdf\" target=\"_blank\">zapisnik<\/a><\/td><td><a rel=\"noreferrer noopener\" href=\"http:\/\/nc-piarc.si\/wp-content\/uploads\/2020\/03\/14skup_ppt-2.pdf\" target=\"_blank\">powerpoint<\/a><\/td><\/tr><tr><td>2011<\/td><td>13. skup\u0161\u010dina NK PIARC Slovenija<\/td><td>7. april 2011<\/td><td><a rel=\"noreferrer noopener\" href=\"http:\/\/nc-piarc.si\/wp-content\/uploads\/2020\/03\/13skup07_04_11-2.pdf\" target=\"_blank\">zapisnik<\/a><\/td><td><a rel=\"noreferrer noopener\" href=\"http:\/\/nc-piarc.si\/wp-content\/uploads\/2020\/03\/13skup_ppt-2.pdf\" target=\"_blank\">powerpoint<\/a><\/td><\/tr><tr><td>2010<\/td><td>12. skup\u0161\u010dina NK PIARC Slovenija<\/td><td>1. april 2010<\/td><td><a rel=\"noreferrer noopener\" href=\"http:\/\/nc-piarc.si\/wp-content\/uploads\/2020\/03\/12skup01_04_10-2.pdf\" target=\"_blank\">zapisnik<\/a><\/td><td><a rel=\"noreferrer noopener\" href=\"http:\/\/nc-piarc.si\/wp-content\/uploads\/2020\/03\/12skup_ppt-2.pdf\" target=\"_blank\">powerpoint<\/a><\/td><\/tr><tr><td>2009<\/td><td>11. skup\u0161\u010dina NK PIARC Slovenija<\/td><td>15. april 2009<\/td><td><a rel=\"noreferrer noopener\" href=\"http:\/\/nc-piarc.si\/wp-content\/uploads\/2020\/03\/11skup15_04_09-2.pdf\" target=\"_blank\">zapisnik<\/a><\/td><td><a rel=\"noreferrer noopener\" href=\"http:\/\/nc-piarc.si\/wp-content\/uploads\/2020\/03\/11skup_ppt-2.pdf\" target=\"_blank\">powerpoint<\/a><\/td><\/tr><tr><td>2008<\/td><td>10. skup\u0161\u010dina NK PIARC Slovenija<\/td><td>14. julij 2008<\/td><td><a rel=\"noreferrer noopener\" href=\"http:\/\/nc-piarc.si\/wp-content\/uploads\/2020\/03\/10skup10_07_08-2.pdf\" target=\"_blank\">zapisnik<\/a><\/td><td><a rel=\"noreferrer noopener\" href=\"http:\/\/nc-piarc.si\/wp-content\/uploads\/2020\/03\/10skup_ppt-2.pdf\" target=\"_blank\">powerpoint<\/a><\/td><\/tr><tr><td>2007<\/td><td>9. skup\u0161\u010dina NK PIARC Slovenija<br>8. skup\u0161\u010dina NK PIARC Slovenija<\/td><td>14. december 2007<br>21. junij 2007<\/td><td><a rel=\"noreferrer noopener\" href=\"http:\/\/nc-piarc.si\/wp-content\/uploads\/2020\/03\/9skup14_12_08-2.pdf\" target=\"_blank\">zapisnik<\/a><br><br><a rel=\"noreferrer noopener\" href=\"http:\/\/nc-piarc.si\/wp-content\/uploads\/2020\/03\/8skup21_06_07-2.pdf\" target=\"_blank\">zapisnik<\/a><\/td><td><a rel=\"noreferrer noopener\" href=\"http:\/\/nc-piarc.si\/wp-content\/uploads\/2020\/03\/9skup_ppt-2.pdf\" target=\"_blank\">powerpoint<\/a><br><br>\/<\/td><\/tr><tr><td>2006<\/td><td>7. skup\u0161\u010dina NK PIARC Slovenija<\/td><td>21. junij 2006<\/td><td><a rel=\"noreferrer noopener\" href=\"http:\/\/nc-piarc.si\/wp-content\/uploads\/2020\/03\/7skup21_06_06-2.pdf\" target=\"_blank\">zapisnik<\/a><\/td><td>\/<\/td><\/tr><tr><td>2005<\/td><td>6. skup\u0161\u010dina NK PIARC Slovenija<\/td><td>15. april 2005<\/td><td><a rel=\"noreferrer noopener\" href=\"http:\/\/nc-piarc.si\/wp-content\/uploads\/2020\/03\/6skup15_04_05-2.pdf\" target=\"_blank\">zapisnik<\/a><\/td><td>\/<\/td><\/tr><tr><td>2004<\/td><td>5. skup\u0161\u010dina NK PIARC Slovenija<\/td><td>16. marec 2004<\/td><td><a rel=\"noreferrer noopener\" href=\"http:\/\/nc-piarc.si\/wp-content\/uploads\/2020\/03\/5skup16_03_04-2.pdf\" target=\"_blank\">zapisnik<\/a><\/td><td>\/<\/td><\/tr><tr><td>2003<\/td><td>4. skup\u0161\u010dina NK PIARC Slovenija<br>3. skup\u0161\u010dina NK PIARC Slovenija<\/td><td>11. december 2003<br>5. junij 2003<\/td><td><a rel=\"noreferrer noopener\" href=\"http:\/\/nc-piarc.si\/wp-content\/uploads\/2020\/03\/4skup11_12_03-2.pdf\" target=\"_blank\">zapisnik<\/a><br><br><a rel=\"noreferrer noopener\" href=\"http:\/\/nc-piarc.si\/wp-content\/uploads\/2020\/03\/3skup05_06_03-2.pdf\" target=\"_blank\">zapisnik<\/a><\/td><td>\/<br><br>\/<\/td><\/tr><tr><td>2002<\/td><td>2. skup\u0161\u010dina NK PIARC Slovenija<\/td><td>8. marec 2002<\/td><td><a rel=\"noreferrer noopener\" href=\"http:\/\/nc-piarc.si\/wp-content\/uploads\/2020\/03\/2skup08_03_02-2.pdf\" target=\"_blank\">zapisnik<\/a><\/td><td>\/<\/td><\/tr><tr><td>2001<\/td><td>1. skup\u0161\u010dina NK PIARC Slovenija<\/td><td>5. julij 2001<\/td><td><a rel=\"noreferrer noopener\" href=\"http:\/\/nc-piarc.si\/wp-content\/uploads\/2020\/03\/1skup05_07_01-2.pdf\" target=\"_blank\">zapisnik<\/a><\/td><td>\/<\/td><\/tr><\/tbody><\/table><\/figure>\n\n\n\n<hr class=\"wp-block-separator is-style-wide\"\/>\n\n\n\n<h2 class=\"wp-block-heading\"><span style=\"color:#ff9900\" class=\"has-inline-color\">Napovednik<\/span><\/h2>\n\n\n\n<p><span style=\"color:#ff9900\" class=\"has-inline-color\"><strong>Naslednje zasedanje skup\u0161\u010dine<\/strong><br><\/span>Trenutno ni objavljenih novih zasedanj Skup\u0161\u010dine NK PIARC Slovenija.<\/p>\n\n\n\n<p><strong><span style=\"color:#ff9900\" class=\"has-inline-color\">Gradiva za zasedanje<\/span><\/strong> so vam na voljo zgoraj.<\/p>\n\n\n\n<p><strong><span style=\"color:#ff9900\" class=\"has-inline-color\">Va\u0161o prisotnost\/opravi\u010dila<\/span><\/strong> prosimo obvezno posredujte na <a href=\"mailto:sekretariat@nc-piarc.si\"><b> sekretariat@nc-piarc.si<\/b><\/a>.<\/p>\n<\/div><\/div>","protected":false},"excerpt":{"rendered":"<p>Najvi\u0161ji organ NK PIARC Slovenija Skup\u0161\u010dina praviloma zaseda enkrat na leto, ali na zahtevo ene \u010detrtine \u010dlanov zdru\u017eenja. Sestavljajojo vsi \u010dlani zdru\u017eenja (posamezniki, predstavniki organizacij, in\u0161titucij in gospodarskih dru\u017eb), od katerih ima vsak \u010dlan po en glas. Sklicuje jo predsednik zdru\u017eenja. Natan\u010dnej\u0161e podatke o organizaciji, nalogah in izvedbi skup\u0161\u010dine si [&hellip;]<\/p>","protected":false},"author":1,"featured_media":0,"parent":0,"menu_order":0,"comment_status":"closed","ping_status":"closed","template":"","meta":{"footnotes":""},"class_list":["post-25","page","type-page","status-publish","hentry"],"yoast_head":"<!-- This site is optimized with the Yoast SEO plugin v23.5 - https:\/\/yoast.com\/wordpress\/plugins\/seo\/ -->\n<title>Skup\u0161\u010dina - NC-PIARC.si<\/title>\n<meta name=\"robots\" content=\"index, follow, max-snippet:-1, max-image-preview:large, max-video-preview:-1\" \/>\n<link rel=\"canonical\" href=\"https:\/\/nc-piarc.si\/en\/skupscina\/\" \/>\n<meta property=\"og:locale\" content=\"en_GB\" \/>\n<meta property=\"og:type\" content=\"article\" \/>\n<meta property=\"og:title\" content=\"Skup\u0161\u010dina - NC-PIARC.si\" \/>\n<meta property=\"og:description\" content=\"Najvi\u0161ji organ NK PIARC Slovenija Skup\u0161\u010dina praviloma zaseda enkrat na leto, ali na zahtevo ene \u010detrtine \u010dlanov zdru\u017eenja. Sestavljajojo vsi \u010dlani zdru\u017eenja (posamezniki, predstavniki organizacij, in\u0161titucij in gospodarskih dru\u017eb), od katerih ima vsak \u010dlan po en glas. Sklicuje jo predsednik zdru\u017eenja. Natan\u010dnej\u0161e podatke o organizaciji, nalogah in izvedbi skup\u0161\u010dine si [&hellip;]\" \/>\n<meta property=\"og:url\" content=\"https:\/\/nc-piarc.si\/en\/skupscina\/\" \/>\n<meta property=\"og:site_name\" content=\"NC-PIARC.si\" \/>\n<meta property=\"article:modified_time\" content=\"2021-03-26T19:17:12+00:00\" \/>\n<meta name=\"twitter:card\" content=\"summary_large_image\" \/>\n<meta name=\"twitter:label1\" content=\"Estimated reading time\" \/>\n\t<meta name=\"twitter:data1\" content=\"1 minute\" \/>\n<script type=\"application\/ld+json\" class=\"yoast-schema-graph\">{\"@context\":\"https:\/\/schema.org\",\"@graph\":[{\"@type\":\"WebPage\",\"@id\":\"https:\/\/nc-piarc.si\/skupscina\/\",\"url\":\"https:\/\/nc-piarc.si\/skupscina\/\",\"name\":\"Skup\u0161\u010dina - NC-PIARC.si\",\"isPartOf\":{\"@id\":\"https:\/\/nc-piarc.si\/#website\"},\"datePublished\":\"2020-03-06T09:55:16+00:00\",\"dateModified\":\"2021-03-26T19:17:12+00:00\",\"breadcrumb\":{\"@id\":\"https:\/\/nc-piarc.si\/skupscina\/#breadcrumb\"},\"inLanguage\":\"en-GB\",\"potentialAction\":[{\"@type\":\"ReadAction\",\"target\":[\"https:\/\/nc-piarc.si\/skupscina\/\"]}]},{\"@type\":\"BreadcrumbList\",\"@id\":\"https:\/\/nc-piarc.si\/skupscina\/#breadcrumb\",\"itemListElement\":[{\"@type\":\"ListItem\",\"position\":1,\"name\":\"Home\",\"item\":\"https:\/\/nc-piarc.si\/\"},{\"@type\":\"ListItem\",\"position\":2,\"name\":\"Skup\u0161\u010dina\"}]},{\"@type\":\"WebSite\",\"@id\":\"https:\/\/nc-piarc.si\/#website\",\"url\":\"https:\/\/nc-piarc.si\/\",\"name\":\"NC-PIARC.si\",\"description\":\"Spletna stran dru\u0161tva NC-PIARC Slovenije\",\"publisher\":{\"@id\":\"https:\/\/nc-piarc.si\/#organization\"},\"potentialAction\":[{\"@type\":\"SearchAction\",\"target\":{\"@type\":\"EntryPoint\",\"urlTemplate\":\"https:\/\/nc-piarc.si\/?s={search_term_string}\"},\"query-input\":{\"@type\":\"PropertyValueSpecification\",\"valueRequired\":true,\"valueName\":\"search_term_string\"}}],\"inLanguage\":\"en-GB\"},{\"@type\":\"Organization\",\"@id\":\"https:\/\/nc-piarc.si\/#organization\",\"name\":\"NC-PIARC.si\",\"url\":\"https:\/\/nc-piarc.si\/\",\"logo\":{\"@type\":\"ImageObject\",\"inLanguage\":\"en-GB\",\"@id\":\"https:\/\/nc-piarc.si\/#\/schema\/logo\/image\/\",\"url\":\"https:\/\/nc-piarc.si\/wp-content\/uploads\/2020\/09\/cropped-PIARC_SLO_LOGO-05-1-1.jpg\",\"contentUrl\":\"https:\/\/nc-piarc.si\/wp-content\/uploads\/2020\/09\/cropped-PIARC_SLO_LOGO-05-1-1.jpg\",\"width\":897,\"height\":1009,\"caption\":\"NC-PIARC.si\"},\"image\":{\"@id\":\"https:\/\/nc-piarc.si\/#\/schema\/logo\/image\/\"}}]}<\/script>\n<!-- \/ Yoast SEO plugin. -->","yoast_head_json":{"title":"Skup\u0161\u010dina - NC-PIARC.si","robots":{"index":"index","follow":"follow","max-snippet":"max-snippet:-1","max-image-preview":"max-image-preview:large","max-video-preview":"max-video-preview:-1"},"canonical":"https:\/\/nc-piarc.si\/en\/skupscina\/","og_locale":"en_GB","og_type":"article","og_title":"Skup\u0161\u010dina - NC-PIARC.si","og_description":"Najvi\u0161ji organ NK PIARC Slovenija Skup\u0161\u010dina praviloma zaseda enkrat na leto, ali na zahtevo ene \u010detrtine \u010dlanov zdru\u017eenja. Sestavljajojo vsi \u010dlani zdru\u017eenja (posamezniki, predstavniki organizacij, in\u0161titucij in gospodarskih dru\u017eb), od katerih ima vsak \u010dlan po en glas. Sklicuje jo predsednik zdru\u017eenja. Natan\u010dnej\u0161e podatke o organizaciji, nalogah in izvedbi skup\u0161\u010dine si [&hellip;]","og_url":"https:\/\/nc-piarc.si\/en\/skupscina\/","og_site_name":"NC-PIARC.si","article_modified_time":"2021-03-26T19:17:12+00:00","twitter_card":"summary_large_image","twitter_misc":{"Estimated reading time":"1 minute"},"schema":{"@context":"https:\/\/schema.org","@graph":[{"@type":"WebPage","@id":"https:\/\/nc-piarc.si\/skupscina\/","url":"https:\/\/nc-piarc.si\/skupscina\/","name":"Skup\u0161\u010dina - NC-PIARC.si","isPartOf":{"@id":"https:\/\/nc-piarc.si\/#website"},"datePublished":"2020-03-06T09:55:16+00:00","dateModified":"2021-03-26T19:17:12+00:00","breadcrumb":{"@id":"https:\/\/nc-piarc.si\/skupscina\/#breadcrumb"},"inLanguage":"en-GB","potentialAction":[{"@type":"ReadAction","target":["https:\/\/nc-piarc.si\/skupscina\/"]}]},{"@type":"BreadcrumbList","@id":"https:\/\/nc-piarc.si\/skupscina\/#breadcrumb","itemListElement":[{"@type":"ListItem","position":1,"name":"Home","item":"https:\/\/nc-piarc.si\/"},{"@type":"ListItem","position":2,"name":"Skup\u0161\u010dina"}]},{"@type":"WebSite","@id":"https:\/\/nc-piarc.si\/#website","url":"https:\/\/nc-piarc.si\/","name":"NC-PIARC.si","description":"Spletna stran dru\u0161tva NC-PIARC Slovenije","publisher":{"@id":"https:\/\/nc-piarc.si\/#organization"},"potentialAction":[{"@type":"SearchAction","target":{"@type":"EntryPoint","urlTemplate":"https:\/\/nc-piarc.si\/?s={search_term_string}"},"query-input":{"@type":"PropertyValueSpecification","valueRequired":true,"valueName":"search_term_string"}}],"inLanguage":"en-GB"},{"@type":"Organization","@id":"https:\/\/nc-piarc.si\/#organization","name":"NC-PIARC.si","url":"https:\/\/nc-piarc.si\/","logo":{"@type":"ImageObject","inLanguage":"en-GB","@id":"https:\/\/nc-piarc.si\/#\/schema\/logo\/image\/","url":"https:\/\/nc-piarc.si\/wp-content\/uploads\/2020\/09\/cropped-PIARC_SLO_LOGO-05-1-1.jpg","contentUrl":"https:\/\/nc-piarc.si\/wp-content\/uploads\/2020\/09\/cropped-PIARC_SLO_LOGO-05-1-1.jpg","width":897,"height":1009,"caption":"NC-PIARC.si"},"image":{"@id":"https:\/\/nc-piarc.si\/#\/schema\/logo\/image\/"}}]}},"_links":{"self":[{"href":"https:\/\/nc-piarc.si\/en\/wp-json\/wp\/v2\/pages\/25"}],"collection":[{"href":"https:\/\/nc-piarc.si\/en\/wp-json\/wp\/v2\/pages"}],"about":[{"href":"https:\/\/nc-piarc.si\/en\/wp-json\/wp\/v2\/types\/page"}],"author":[{"embeddable":true,"href":"https:\/\/nc-piarc.si\/en\/wp-json\/wp\/v2\/users\/1"}],"replies":[{"embeddable":true,"href":"https:\/\/nc-piarc.si\/en\/wp-json\/wp\/v2\/comments?post=25"}],"version-history":[{"count":9,"href":"https:\/\/nc-piarc.si\/en\/wp-json\/wp\/v2\/pages\/25\/revisions"}],"predecessor-version":[{"id":814,"href":"https:\/\/nc-piarc.si\/en\/wp-json\/wp\/v2\/pages\/25\/revisions\/814"}],"wp:attachment":[{"href":"https:\/\/nc-piarc.si\/en\/wp-json\/wp\/v2\/media?parent=25"}],"curies":[{"name":"wp","href":"https:\/\/api.w.org\/{rel}","templated":true}]}}