{"id":23,"date":"2017-10-03T08:01:12","date_gmt":"2017-10-03T08:01:12","guid":{"rendered":"http:\/\/nc-piarc.si\/_pridruzitev-htm\/"},"modified":"2021-02-15T21:27:10","modified_gmt":"2021-02-15T21:27:10","slug":"pridruzitev","status":"publish","type":"page","link":"https:\/\/nc-piarc.si\/en\/pridruzitev\/","title":{"rendered":"Join us"},"content":{"rendered":"<p>Greetings!<\/p>\n<p class=\"sans\" align=\"justify\"><span style=\"color: #ff9900;\"><strong>Something about us in short<\/strong><\/span><\/p>\n<p class=\"sans\" align=\"justify\">NK PIARC Slovenija deluje kot predstavni\u0161tvo svetovnega cestnega zdru\u017eenja PIARC v Sloveniji. Prizadevamo si za \u010dim ve\u010djo povezanost cestne in prometne stroke v Sloveniji in svetu, izmenjavo strokovnih znanj in literature ter promocijo dela na\u0161ih strokovnjakov doma in v tujini.<\/p>\n<p>Na\u0161i \u010dlani so podjetja in in\u0161tituti, ki delujejo na podro\u010dju cest in prometa. V skladu s pravili mati\u010dne organizacije PIARC jih imenujemo kolektivni \u010dlani. V tehni\u010dne odbore in dejansko delo zdru\u017eenja se nato vklju\u010dujejo posamezni strokovnjaki, zaposleni v teh podjetjih, ki jim krijejo stro\u0161ke \u010dlanarine in sodelovanja na strokovnih sre\u010danjih. Vsako leto si prizadevamo, da bi na\u0161im \u010dlanom, ki aktivno sodelujejo v tehni\u010dnih odborih, povrnili del stro\u0161kov njihovih potovanj v tujino.<\/p>\n<p>You can read more about the begginings of our national committe, our members and activities in section <a href=\"https:\/\/nc-piarc.si\/en\/predstavitev\/\"><b>Presentation<\/b><\/a> and <a href=\"https:\/\/nc-piarc.si\/en\/clani\/\"><b>Our members<\/b><\/a>, but if you are interested in the organization of the association, you can look at the <a href=\"http:\/\/nc-piarc.si\/wp-content\/uploads\/2020\/01\/Ustanovna_pogodba-2.pdf\" target=\"_blank\" rel=\"noopener noreferrer\"><b> Establishment contract<\/b><\/a> NK PIARC Slovenia.<\/p>\n<hr \/>\n<p><span style=\"color: #ff9900;\"><strong>The benefits of being a member of NC PIARC Slovenia<\/strong><\/span><\/p>\n<p>By joining our national committee or for that matter the main assocciation WRA-PIARC you will join other slovenian and foreign experts that operate in the field of roads and traffic and pursue slovenian interests in the intrnational community. Amongst other things you will benefit from these next opportunities:<\/p>\n<ul>\n<li><b>access to latest information<\/b> about the development of roads and traffic science around the world (opportunity for companies to access and implement actual latest knowledge in its business \u2013 competitive advantage),<\/li>\n<li><b>possibility to attend and cooperate on:<\/b> seminars, congresses, workshops, technical committees and on international research projects of world class format in the field of roads and traffic (exchange of knowledge is an opportunity to directly contribute to the development of international expertise and gaining important and useful information),<\/li>\n<li><b>cooperation with leading organisations<\/b> in the field of roads and traffic means a lot of opportunities for contacts and business connections with partners from abroad,<\/li>\n<li><b>lower fees<\/b> za udele\u017ebo na svetovnih konferencah in cestnih kongresih PIARC (mo\u017enost delne povrnitve stro\u0161kov potovanj), in<\/li>\n<li><b>free access<\/b> do strokovne literature zdru\u017eenja PIARC in slovenskih publikacij.<\/li>\n<\/ul>\n<p class=\"sans\">You are welcome to join us!<\/p>\n<h4><span style=\"color: #ff9900;\">Becoming a member<\/span><\/h4>\n<p align=\"justify\">In order to join us you must be either a slovenian company or resident, or you can be a foreign company, based in slovenia. In that case the joining procedure is very simple. Please contact us and than you will:<\/p>\n<p><strong><em>First:<\/em> <\/strong>fill in the <a href=\"http:\/\/nc-piarc.si\/wp-content\/uploads\/2017\/08\/pristopna_izjava-2.doc\" target=\"_blank\" rel=\"noopener noreferrer\"> <b>Application form.<\/b><\/a>.<\/p>\n<p><strong><em>Second:<\/em><\/strong> send the Application form by regular mail or to the email adress <a href=\"mailto:sekretariat@nc-piarc.si\"> <b>sekretariat@nc-piarc.si<\/b><\/a> and pay the annual membership fee.<\/p>\n<p><em>Collective members:<\/em><strong> annual membership fee<\/strong><br \/>\n500 \u20ac<\/p>\n<p align=\"justify\">By that you will become a full member of our slovenian assocciation NC PIARC Slovenia, you will be assigned a membership number which we will save in the secretariat (for safety reasons).<\/p>\n<p><a class=\"link_right\" href=\"https:\/\/nc-piarc.si\/en\/kontakt\/\"> Contact &gt;&gt;<\/a><\/p>","protected":false},"excerpt":{"rendered":"<p>Lepo pozdravljeni! Dovolite nekaj stavkov o nas NK PIARC Slovenija deluje kot predstavni\u0161tvo svetovnega cestnega zdru\u017eenja PIARC v Sloveniji. Prizadevamo si za \u010dim ve\u010djo povezanost cestne in prometne stroke v Sloveniji in svetu, izmenjavo strokovnih znanj in literature ter promocijo dela na\u0161ih strokovnjakov doma in v tujini. Na\u0161i \u010dlani so [&hellip;]<\/p>","protected":false},"author":1,"featured_media":0,"parent":0,"menu_order":0,"comment_status":"closed","ping_status":"closed","template":"","meta":{"footnotes":""},"class_list":["post-23","page","type-page","status-publish","hentry"],"yoast_head":"<!-- This site is optimized with the Yoast SEO plugin v23.5 - https:\/\/yoast.com\/wordpress\/plugins\/seo\/ -->\n<title>Pridru\u017eitev - NC-PIARC.si<\/title>\n<meta name=\"robots\" content=\"index, follow, max-snippet:-1, max-image-preview:large, max-video-preview:-1\" \/>\n<link rel=\"canonical\" href=\"https:\/\/nc-piarc.si\/en\/pridruzitev\/\" \/>\n<meta property=\"og:locale\" content=\"en_GB\" \/>\n<meta property=\"og:type\" content=\"article\" \/>\n<meta property=\"og:title\" content=\"Pridru\u017eitev - NC-PIARC.si\" \/>\n<meta property=\"og:description\" content=\"Lepo pozdravljeni! Dovolite nekaj stavkov o nas NK PIARC Slovenija deluje kot predstavni\u0161tvo svetovnega cestnega zdru\u017eenja PIARC v Sloveniji. Prizadevamo si za \u010dim ve\u010djo povezanost cestne in prometne stroke v Sloveniji in svetu, izmenjavo strokovnih znanj in literature ter promocijo dela na\u0161ih strokovnjakov doma in v tujini. Na\u0161i \u010dlani so [&hellip;]\" \/>\n<meta property=\"og:url\" content=\"https:\/\/nc-piarc.si\/en\/pridruzitev\/\" \/>\n<meta property=\"og:site_name\" content=\"NC-PIARC.si\" \/>\n<meta property=\"article:modified_time\" content=\"2021-02-15T21:27:10+00:00\" \/>\n<meta name=\"twitter:card\" content=\"summary_large_image\" \/>\n<meta name=\"twitter:label1\" content=\"Estimated reading time\" \/>\n\t<meta name=\"twitter:data1\" content=\"2 minutes\" \/>\n<script type=\"application\/ld+json\" class=\"yoast-schema-graph\">{\"@context\":\"https:\/\/schema.org\",\"@graph\":[{\"@type\":\"WebPage\",\"@id\":\"https:\/\/nc-piarc.si\/pridruzitev\/\",\"url\":\"https:\/\/nc-piarc.si\/pridruzitev\/\",\"name\":\"Pridru\u017eitev - NC-PIARC.si\",\"isPartOf\":{\"@id\":\"https:\/\/nc-piarc.si\/#website\"},\"datePublished\":\"2017-10-03T08:01:12+00:00\",\"dateModified\":\"2021-02-15T21:27:10+00:00\",\"breadcrumb\":{\"@id\":\"https:\/\/nc-piarc.si\/pridruzitev\/#breadcrumb\"},\"inLanguage\":\"en-GB\",\"potentialAction\":[{\"@type\":\"ReadAction\",\"target\":[\"https:\/\/nc-piarc.si\/pridruzitev\/\"]}]},{\"@type\":\"BreadcrumbList\",\"@id\":\"https:\/\/nc-piarc.si\/pridruzitev\/#breadcrumb\",\"itemListElement\":[{\"@type\":\"ListItem\",\"position\":1,\"name\":\"Home\",\"item\":\"https:\/\/nc-piarc.si\/\"},{\"@type\":\"ListItem\",\"position\":2,\"name\":\"Pridru\u017eitev\"}]},{\"@type\":\"WebSite\",\"@id\":\"https:\/\/nc-piarc.si\/#website\",\"url\":\"https:\/\/nc-piarc.si\/\",\"name\":\"NC-PIARC.si\",\"description\":\"Spletna stran dru\u0161tva NC-PIARC Slovenije\",\"publisher\":{\"@id\":\"https:\/\/nc-piarc.si\/#organization\"},\"potentialAction\":[{\"@type\":\"SearchAction\",\"target\":{\"@type\":\"EntryPoint\",\"urlTemplate\":\"https:\/\/nc-piarc.si\/?s={search_term_string}\"},\"query-input\":{\"@type\":\"PropertyValueSpecification\",\"valueRequired\":true,\"valueName\":\"search_term_string\"}}],\"inLanguage\":\"en-GB\"},{\"@type\":\"Organization\",\"@id\":\"https:\/\/nc-piarc.si\/#organization\",\"name\":\"NC-PIARC.si\",\"url\":\"https:\/\/nc-piarc.si\/\",\"logo\":{\"@type\":\"ImageObject\",\"inLanguage\":\"en-GB\",\"@id\":\"https:\/\/nc-piarc.si\/#\/schema\/logo\/image\/\",\"url\":\"https:\/\/nc-piarc.si\/wp-content\/uploads\/2020\/09\/cropped-PIARC_SLO_LOGO-05-1-1.jpg\",\"contentUrl\":\"https:\/\/nc-piarc.si\/wp-content\/uploads\/2020\/09\/cropped-PIARC_SLO_LOGO-05-1-1.jpg\",\"width\":897,\"height\":1009,\"caption\":\"NC-PIARC.si\"},\"image\":{\"@id\":\"https:\/\/nc-piarc.si\/#\/schema\/logo\/image\/\"}}]}<\/script>\n<!-- \/ Yoast SEO plugin. -->","yoast_head_json":{"title":"Pridru\u017eitev - NC-PIARC.si","robots":{"index":"index","follow":"follow","max-snippet":"max-snippet:-1","max-image-preview":"max-image-preview:large","max-video-preview":"max-video-preview:-1"},"canonical":"https:\/\/nc-piarc.si\/en\/pridruzitev\/","og_locale":"en_GB","og_type":"article","og_title":"Pridru\u017eitev - NC-PIARC.si","og_description":"Lepo pozdravljeni! Dovolite nekaj stavkov o nas NK PIARC Slovenija deluje kot predstavni\u0161tvo svetovnega cestnega zdru\u017eenja PIARC v Sloveniji. Prizadevamo si za \u010dim ve\u010djo povezanost cestne in prometne stroke v Sloveniji in svetu, izmenjavo strokovnih znanj in literature ter promocijo dela na\u0161ih strokovnjakov doma in v tujini. Na\u0161i \u010dlani so [&hellip;]","og_url":"https:\/\/nc-piarc.si\/en\/pridruzitev\/","og_site_name":"NC-PIARC.si","article_modified_time":"2021-02-15T21:27:10+00:00","twitter_card":"summary_large_image","twitter_misc":{"Estimated reading time":"2 minutes"},"schema":{"@context":"https:\/\/schema.org","@graph":[{"@type":"WebPage","@id":"https:\/\/nc-piarc.si\/pridruzitev\/","url":"https:\/\/nc-piarc.si\/pridruzitev\/","name":"Pridru\u017eitev - NC-PIARC.si","isPartOf":{"@id":"https:\/\/nc-piarc.si\/#website"},"datePublished":"2017-10-03T08:01:12+00:00","dateModified":"2021-02-15T21:27:10+00:00","breadcrumb":{"@id":"https:\/\/nc-piarc.si\/pridruzitev\/#breadcrumb"},"inLanguage":"en-GB","potentialAction":[{"@type":"ReadAction","target":["https:\/\/nc-piarc.si\/pridruzitev\/"]}]},{"@type":"BreadcrumbList","@id":"https:\/\/nc-piarc.si\/pridruzitev\/#breadcrumb","itemListElement":[{"@type":"ListItem","position":1,"name":"Home","item":"https:\/\/nc-piarc.si\/"},{"@type":"ListItem","position":2,"name":"Pridru\u017eitev"}]},{"@type":"WebSite","@id":"https:\/\/nc-piarc.si\/#website","url":"https:\/\/nc-piarc.si\/","name":"NC-PIARC.si","description":"Spletna stran dru\u0161tva NC-PIARC Slovenije","publisher":{"@id":"https:\/\/nc-piarc.si\/#organization"},"potentialAction":[{"@type":"SearchAction","target":{"@type":"EntryPoint","urlTemplate":"https:\/\/nc-piarc.si\/?s={search_term_string}"},"query-input":{"@type":"PropertyValueSpecification","valueRequired":true,"valueName":"search_term_string"}}],"inLanguage":"en-GB"},{"@type":"Organization","@id":"https:\/\/nc-piarc.si\/#organization","name":"NC-PIARC.si","url":"https:\/\/nc-piarc.si\/","logo":{"@type":"ImageObject","inLanguage":"en-GB","@id":"https:\/\/nc-piarc.si\/#\/schema\/logo\/image\/","url":"https:\/\/nc-piarc.si\/wp-content\/uploads\/2020\/09\/cropped-PIARC_SLO_LOGO-05-1-1.jpg","contentUrl":"https:\/\/nc-piarc.si\/wp-content\/uploads\/2020\/09\/cropped-PIARC_SLO_LOGO-05-1-1.jpg","width":897,"height":1009,"caption":"NC-PIARC.si"},"image":{"@id":"https:\/\/nc-piarc.si\/#\/schema\/logo\/image\/"}}]}},"_links":{"self":[{"href":"https:\/\/nc-piarc.si\/en\/wp-json\/wp\/v2\/pages\/23"}],"collection":[{"href":"https:\/\/nc-piarc.si\/en\/wp-json\/wp\/v2\/pages"}],"about":[{"href":"https:\/\/nc-piarc.si\/en\/wp-json\/wp\/v2\/types\/page"}],"author":[{"embeddable":true,"href":"https:\/\/nc-piarc.si\/en\/wp-json\/wp\/v2\/users\/1"}],"replies":[{"embeddable":true,"href":"https:\/\/nc-piarc.si\/en\/wp-json\/wp\/v2\/comments?post=23"}],"version-history":[{"count":6,"href":"https:\/\/nc-piarc.si\/en\/wp-json\/wp\/v2\/pages\/23\/revisions"}],"predecessor-version":[{"id":940,"href":"https:\/\/nc-piarc.si\/en\/wp-json\/wp\/v2\/pages\/23\/revisions\/940"}],"wp:attachment":[{"href":"https:\/\/nc-piarc.si\/en\/wp-json\/wp\/v2\/media?parent=23"}],"curies":[{"name":"wp","href":"https:\/\/api.w.org\/{rel}","templated":true}]}}