{"id":22,"date":"2020-01-14T13:01:32","date_gmt":"2020-01-14T13:01:32","guid":{"rendered":"http:\/\/nc-piarc.si\/_predstavitev-htm\/"},"modified":"2021-03-26T12:54:33","modified_gmt":"2021-03-26T12:54:33","slug":"predstavitev","status":"publish","type":"page","link":"https:\/\/nc-piarc.si\/en\/predstavitev\/","title":{"rendered":"Presentation"},"content":{"rendered":"<h4 class=\"wp-block-heading\"><span style=\"color: #ff9900;\"><strong>National Comitee PIARC Slovenia <img loading=\"lazy\" decoding=\"async\" src=\"http:\/\/nc-piarc.si\/wp-content\/uploads\/2020\/09\/PIARC_SLO_LOGO-05-1-300x286.jpg\" alt=\"\" width=\"155\" height=\"148\" class=\"wp-image-752 alignleft\" srcset=\"https:\/\/nc-piarc.si\/wp-content\/uploads\/2020\/09\/PIARC_SLO_LOGO-05-1-300x286.jpg 300w, https:\/\/nc-piarc.si\/wp-content\/uploads\/2020\/09\/PIARC_SLO_LOGO-05-1-1024x975.jpg 1024w, https:\/\/nc-piarc.si\/wp-content\/uploads\/2020\/09\/PIARC_SLO_LOGO-05-1-768x731.jpg 768w, https:\/\/nc-piarc.si\/wp-content\/uploads\/2020\/09\/PIARC_SLO_LOGO-05-1.jpg 1346w\" sizes=\"(max-width: 155px) 100vw, 155px\" \/><\/strong><\/span><\/h4>\n\n\n\n<p>Slovenia is a member of PIARC assocciation since 1995 and as the First Delegate from the very beginning acts, by his formal position, a director of Slovenian Roads Agency. In search of a more effective cooperation in the year 1999 with <a href=\"http:\/\/nc-piarc.si\/wp-content\/uploads\/2020\/01\/Ustanovna_pogodba-2.pdf\" target=\"_blank\" rel=\"noopener noreferrer\"><b> the Establishment contract<\/b><\/a> which today comprises around 30 private companies, institutes and individuals.<\/p>\n\n\n\n<p>Its main responsibilities and tasks are:<\/p>\n\n\n\n<ul class=\"wp-block-list\"><li>nomination of national rapporteurs for world congresses<\/li><li>election and nomination of members of technical committees<\/li><li>assembling slovenian delegations for world congresses<\/li><li>preparation of reports and expert papers for world congresses<\/li><li>proposing new topics for discussions at the world congresses or in technical committees<\/li><li>assembling working groups and coordinating slovenian cooperation in technical committees<\/li><li>izmenjava informacij, vezanih na cestno gospodarstvo med \u010dlani NK PIARC Slovenija in PIARC<\/li><li>zagotavljanje neposrednih povezav med \u010dlani in odbori ter Izvr\u0161nim odborom PIARC-a<\/li><li>promoting the work of WRA-PIARC assocciation<\/li><li>cooperation with other institutions and assocciations on national as well as international level<\/li><\/ul>\n\n\n\n<p><b>Current president<\/b> NK PIARC Slovenia is <b>ga. Ljiljana Herga<\/b>, RS Directorate for Infrastructure.<\/p>\n\n\n\n<p>You can read more about the beginnings of Slovenia's participation in the PIARC World Road Association in a short article entitled \u00bb<a href=\"http:\/\/nc-piarc.si\/wp-content\/uploads\/2020\/01\/Zgodovina_Slovenije_v_PIARC-2.pdf\" target=\"_blank\" rel=\"noopener noreferrer\"><b>How did Slovenia join PIARC?<\/b><\/a>\u00ab. The article was written by the first president and current honorary member of NK PIARC Slovenia, Mr. Anton \u0160ajna.<\/p>\n\n\n\n<hr class=\"wp-block-separator\"\/>\n\n\n\n<h4 class=\"wp-block-heading\"><span style=\"color: #ff9900;\"><strong><img loading=\"lazy\" decoding=\"async\" id=\"photo_compagny\" src=\"http:\/\/nc-piarc.si\/wp-content\/uploads\/2020\/01\/PIARC_slikica-2.jpg\" width=\"180\" height=\"149\" alt=\"PIARC\" title=\"PIARC\" class=\"alignleft\">Svetovno cestno zdru\u017eenje PIARC<\/strong><\/span><\/h4>\n\n\n\n<p>World Road Association PIARC was established in 1909 for the purpose of exchanging knowledge in the field of roads and transportation. In 1970 the assocciation was granted a consultative status to the Economic and Social Council of the United Nations which only strenghtened its role in the world. Members of the assocciation are representatives of national governments, regional authorities, universities, construction and other companies, consultants, as well as other civil assocciations and individual members from 120 states.<\/p>\n\n\n\n<p><b>Vision:<\/b>The Association wishes to become the world leader in the exchange of knowledge on roads and road transport policy and practices within an integrated sustainable transport context.<\/p>\n\n\n\n<p><b>Current secretary general<\/b> of the world road association PIARC is <b>g. Patrick MALL\u00c9JACQ<\/b> from France.<\/p>\n\n\n\n<p>Official website of the assocciation: <a href=\"http:\/\/www.piarc.org\/en\/\" target=\"_blank\" rel=\"noopener noreferrer\"><b>www.piarc.org\/en<\/b><\/a><br>Presentational leaflet: <a href=\"http:\/\/nc-piarc.si\/wp-content\/uploads\/2021\/02\/PIARC_brosura_2020.pdf\"><b>WRA-PIARC<\/b><\/a><br>Membership Rules 2020-2023: <a href=\"https:\/\/www.piarc.org\/en\/PIARC-Association-Roads-and-Road-Transportation\/organisation\/reference-documents#section_sd20aEzQT1\" target=\"_blank\" rel=\"noopener noreferrer\"><b>WRA-PIARC Member Guide 2020-2023<\/b><\/a>.<\/p>\n\n\n\n<hr class=\"wp-block-separator\"\/>\n\n\n\n<h4 class=\"wp-block-heading\"><span style=\"color: #ff9900;\"><strong>Some words from history of roads in Slovenia...<\/strong><\/span><\/h4>\n\n\n\n<p>Since 1900 b.c. untill approximately 300 b.c. through the territory of today's Slovenia ran a so called Amber route. Then the Romans (from approximately 100 b.c. to 300 a.d.) built a network of roads in this area that connected the territories of today's Vienna and Middle East with Rome and Durres. Some roads, built in the time of Roman empire still today represent main transport routes through our territory. Trading between Rome and Pannonian lands went through an old route from Aquileia (Aquilee) towards Ocre (today's Hru\u0161ica) to Nauportus (today's Vrhnika) and on towards Aemona (today's Ljubljana) and Poetovia (today's Ptuj) then onwards to Savaria, today's Hungary (Szombathely) and from there in to the very heart of Pannonia, that is to Scarabantia (today's Sopron) andCarnuntuma (Petronella). The residues of roman road network are a common finding in various construction sites across Slovenia, especially along the axis of former roman supply route Aemona-Neviodunum-Andautonia-Siscia. At the same that is also the direction of today's connection between slovenian capital Ljubljana and croatian capital Zagreb.<\/p>\n\n\n\n<h4 class=\"wp-block-heading\"><span style=\"color: #ff9900;\"><strong><img loading=\"lazy\" decoding=\"async\" id=\"photo_compagny\" src=\"http:\/\/nc-piarc.si\/wp-content\/uploads\/2020\/01\/viadukt-2.jpg\" width=\"180\" height=\"117\" alt=\"viadukt\" title=\"viadukt_Borovnica\" class=\"alignleft\">&nbsp;...and to this day<\/strong><\/span><\/h4>\n\n\n\n<p>Today we have approximately 6.701 km of state roads in Slovenia, of which there are 762 km of Highways and Motorways and the rest of the road network is comprised of Main (819 km) and Regional roads (5.120 km) of different classes. Taking into account also other roads we can see that Slovenia is covered by a thick road network (1,9 km roads\/km2). That condition is of course constantly changing due to new constructions and recategorisations of roads. Beside state roads at the end of 2009 there were also more than 31.000 km of local roads and over 1.000 gravel\/forest roads under the management of municipalities and forest owners. Since 1994, in line with the National programme, construction of \"highway cross\" was under way in Slovenia and was succesfully finished in 2010. These highways will surely improve east-west and north-south connections along the lines of two transeuropean transport corridors passing through Slovenian territory:<\/p>\n\n\n\n<p>- Transeuropean transport corridor No. V: Venice - Trieste - Koper - Ljubljana - Budapest - Kiev<\/p>\n\n\n\n<p>- Transeuropean transport corridor No. X: Salzburg - Ljubljana - Zagreb - Belgrade - Skopje - Thessaloniki<\/p>\n\n\n\n<hr class=\"wp-block-separator\"\/>\n\n\n\n<h4 class=\"wp-block-heading\"><strong><!-- wp:heading {\"level\":4} -->\n<h4><strong>Slovenia in numbers<\/strong><\/h4>\n<!-- \/wp:heading -->\n\n<!-- wp:image -->\n<figure class=\"wp-block-image\"><img src=\"http:\/\/nc-piarc.si\/wp-content\/uploads\/2020\/01\/flag_slovenia-2.gif\" alt=\"\" \/><\/figure>\n<!-- \/wp:image -->\n\n<!-- wp:paragraph -->\n<p><em>Area:<\/em><strong>&nbsp;20.273 km2<\/strong><\/p>\n<!-- \/wp:paragraph -->\n\n<!-- wp:paragraph -->\n<p><em>Population:<\/em><strong>&nbsp;2.051.000<\/strong><\/p>\n<!-- \/wp:paragraph -->\n\n<!-- wp:paragraph -->\n<p><em>President of state:<\/em><strong>&nbsp;Borut Pahor<\/strong><\/p>\n<!-- \/wp:paragraph -->\n\n<!-- wp:paragraph -->\n<p><em>Timezone:<\/em><strong>&nbsp;central european time<\/strong><br>winter GMT + 1, summer GMT + 2<\/p>\n<!-- \/wp:paragraph -->\n\n<!-- wp:paragraph -->\n<p><em>Currency:<\/em><strong>&nbsp;euro (EUR)<\/strong><br>valid from 1st January 2007<\/p>\n<!-- \/wp:paragraph -->\n\n<!-- wp:paragraph -->\n<p><em>Climate:<\/em><strong>&nbsp;alpine, pannonian, mediterranean<\/strong><\/p>\n<!-- \/wp:paragraph -->\n\n<!-- wp:paragraph -->\n<p><em>Borders length:<\/em><strong>&nbsp;1.382 km<\/strong><br>with Austria 330 km, with Italy 280 km, with Hungary 102 km and with Croatia 670 km<\/p>\n<!-- \/wp:paragraph -->\n\n<!-- wp:paragraph -->\n<p><em>Official language:<\/em><strong>&nbsp;Slovene<\/strong><br>in ethnically mixed areas also Hungarian and Italian language<\/p>\n<!-- \/wp:paragraph -->\n\n<!-- wp:paragraph -->\n<p><em>Geography:<\/em><strong>&nbsp;Slovenia, central european country<\/strong><br>Lies at the junction of four main geographical areas: Alps, Dinaric alps, Mediterranean and Pannonian plains. Over half of the state's territory is covered by woods and it is a very watery country. According to the quantity of fresh water per capita is one of the richest countries in Europe.<\/p>\n<!-- \/wp:paragraph --><\/strong><\/h4>\n\n\n\n\n<p><a href=\"http:\/\/www.slovenia.info\/\" target=\"_blank\" class=\"link_right\" rel=\"noopener noreferrer\"> More about Slovenia &gt;&gt;<\/a><\/p>","protected":false},"excerpt":{"rendered":"<p>Nacionalni komite PIARC Slovenija Slovenija sodeluje v zdru\u017eenju PIARC od leta 1995, kot Prvi delegat pa vse od za\u010detkov naprej nastopa po svoji funkciji direktor Direkcije RS za ceste. Zaradi u\u010dinkovitej\u0161ega sodelovanja je bil leta 1999 s Pogodbo o ustanovitvi vzpostavljen Nacionalni komite PIARC Slovenija (NK PIARC), ki danes zdru\u017euje [&hellip;]<\/p>","protected":false},"author":1,"featured_media":0,"parent":0,"menu_order":0,"comment_status":"closed","ping_status":"closed","template":"","meta":{"footnotes":""},"class_list":["post-22","page","type-page","status-publish","hentry"],"yoast_head":"<!-- This site is optimized with the Yoast SEO plugin v23.5 - https:\/\/yoast.com\/wordpress\/plugins\/seo\/ -->\n<title>Predstavitev - NC-PIARC.si<\/title>\n<meta name=\"robots\" content=\"index, follow, max-snippet:-1, max-image-preview:large, max-video-preview:-1\" \/>\n<link rel=\"canonical\" href=\"https:\/\/nc-piarc.si\/en\/predstavitev\/\" \/>\n<meta property=\"og:locale\" content=\"en_GB\" \/>\n<meta property=\"og:type\" content=\"article\" \/>\n<meta property=\"og:title\" content=\"Predstavitev - NC-PIARC.si\" \/>\n<meta property=\"og:description\" content=\"Nacionalni komite PIARC Slovenija Slovenija sodeluje v zdru\u017eenju PIARC od leta 1995, kot Prvi delegat pa vse od za\u010detkov naprej nastopa po svoji funkciji direktor Direkcije RS za ceste. Zaradi u\u010dinkovitej\u0161ega sodelovanja je bil leta 1999 s Pogodbo o ustanovitvi vzpostavljen Nacionalni komite PIARC Slovenija (NK PIARC), ki danes zdru\u017euje [&hellip;]\" \/>\n<meta property=\"og:url\" content=\"https:\/\/nc-piarc.si\/en\/predstavitev\/\" \/>\n<meta property=\"og:site_name\" content=\"NC-PIARC.si\" \/>\n<meta property=\"article:modified_time\" content=\"2021-03-26T12:54:33+00:00\" \/>\n<meta property=\"og:image\" content=\"http:\/\/nc-piarc.si\/wp-content\/uploads\/2020\/09\/PIARC_SLO_LOGO-05-1-300x286.jpg\" \/>\n<meta name=\"twitter:card\" content=\"summary_large_image\" \/>\n<meta name=\"twitter:label1\" content=\"Estimated reading time\" \/>\n\t<meta name=\"twitter:data1\" content=\"4 minutes\" \/>\n<script type=\"application\/ld+json\" class=\"yoast-schema-graph\">{\"@context\":\"https:\/\/schema.org\",\"@graph\":[{\"@type\":\"WebPage\",\"@id\":\"https:\/\/nc-piarc.si\/predstavitev\/\",\"url\":\"https:\/\/nc-piarc.si\/predstavitev\/\",\"name\":\"Predstavitev - NC-PIARC.si\",\"isPartOf\":{\"@id\":\"https:\/\/nc-piarc.si\/#website\"},\"primaryImageOfPage\":{\"@id\":\"https:\/\/nc-piarc.si\/predstavitev\/#primaryimage\"},\"image\":{\"@id\":\"https:\/\/nc-piarc.si\/predstavitev\/#primaryimage\"},\"thumbnailUrl\":\"http:\/\/nc-piarc.si\/wp-content\/uploads\/2020\/09\/PIARC_SLO_LOGO-05-1-300x286.jpg\",\"datePublished\":\"2020-01-14T13:01:32+00:00\",\"dateModified\":\"2021-03-26T12:54:33+00:00\",\"breadcrumb\":{\"@id\":\"https:\/\/nc-piarc.si\/predstavitev\/#breadcrumb\"},\"inLanguage\":\"en-GB\",\"potentialAction\":[{\"@type\":\"ReadAction\",\"target\":[\"https:\/\/nc-piarc.si\/predstavitev\/\"]}]},{\"@type\":\"ImageObject\",\"inLanguage\":\"en-GB\",\"@id\":\"https:\/\/nc-piarc.si\/predstavitev\/#primaryimage\",\"url\":\"http:\/\/nc-piarc.si\/wp-content\/uploads\/2020\/09\/PIARC_SLO_LOGO-05-1-300x286.jpg\",\"contentUrl\":\"http:\/\/nc-piarc.si\/wp-content\/uploads\/2020\/09\/PIARC_SLO_LOGO-05-1-300x286.jpg\"},{\"@type\":\"BreadcrumbList\",\"@id\":\"https:\/\/nc-piarc.si\/predstavitev\/#breadcrumb\",\"itemListElement\":[{\"@type\":\"ListItem\",\"position\":1,\"name\":\"Home\",\"item\":\"https:\/\/nc-piarc.si\/\"},{\"@type\":\"ListItem\",\"position\":2,\"name\":\"Predstavitev\"}]},{\"@type\":\"WebSite\",\"@id\":\"https:\/\/nc-piarc.si\/#website\",\"url\":\"https:\/\/nc-piarc.si\/\",\"name\":\"NC-PIARC.si\",\"description\":\"Spletna stran dru\u0161tva NC-PIARC Slovenije\",\"publisher\":{\"@id\":\"https:\/\/nc-piarc.si\/#organization\"},\"potentialAction\":[{\"@type\":\"SearchAction\",\"target\":{\"@type\":\"EntryPoint\",\"urlTemplate\":\"https:\/\/nc-piarc.si\/?s={search_term_string}\"},\"query-input\":{\"@type\":\"PropertyValueSpecification\",\"valueRequired\":true,\"valueName\":\"search_term_string\"}}],\"inLanguage\":\"en-GB\"},{\"@type\":\"Organization\",\"@id\":\"https:\/\/nc-piarc.si\/#organization\",\"name\":\"NC-PIARC.si\",\"url\":\"https:\/\/nc-piarc.si\/\",\"logo\":{\"@type\":\"ImageObject\",\"inLanguage\":\"en-GB\",\"@id\":\"https:\/\/nc-piarc.si\/#\/schema\/logo\/image\/\",\"url\":\"https:\/\/nc-piarc.si\/wp-content\/uploads\/2020\/09\/cropped-PIARC_SLO_LOGO-05-1-1.jpg\",\"contentUrl\":\"https:\/\/nc-piarc.si\/wp-content\/uploads\/2020\/09\/cropped-PIARC_SLO_LOGO-05-1-1.jpg\",\"width\":897,\"height\":1009,\"caption\":\"NC-PIARC.si\"},\"image\":{\"@id\":\"https:\/\/nc-piarc.si\/#\/schema\/logo\/image\/\"}}]}<\/script>\n<!-- \/ Yoast SEO plugin. -->","yoast_head_json":{"title":"Predstavitev - NC-PIARC.si","robots":{"index":"index","follow":"follow","max-snippet":"max-snippet:-1","max-image-preview":"max-image-preview:large","max-video-preview":"max-video-preview:-1"},"canonical":"https:\/\/nc-piarc.si\/en\/predstavitev\/","og_locale":"en_GB","og_type":"article","og_title":"Predstavitev - NC-PIARC.si","og_description":"Nacionalni komite PIARC Slovenija Slovenija sodeluje v zdru\u017eenju PIARC od leta 1995, kot Prvi delegat pa vse od za\u010detkov naprej nastopa po svoji funkciji direktor Direkcije RS za ceste. Zaradi u\u010dinkovitej\u0161ega sodelovanja je bil leta 1999 s Pogodbo o ustanovitvi vzpostavljen Nacionalni komite PIARC Slovenija (NK PIARC), ki danes zdru\u017euje [&hellip;]","og_url":"https:\/\/nc-piarc.si\/en\/predstavitev\/","og_site_name":"NC-PIARC.si","article_modified_time":"2021-03-26T12:54:33+00:00","og_image":[{"url":"http:\/\/nc-piarc.si\/wp-content\/uploads\/2020\/09\/PIARC_SLO_LOGO-05-1-300x286.jpg"}],"twitter_card":"summary_large_image","twitter_misc":{"Estimated reading time":"4 minutes"},"schema":{"@context":"https:\/\/schema.org","@graph":[{"@type":"WebPage","@id":"https:\/\/nc-piarc.si\/predstavitev\/","url":"https:\/\/nc-piarc.si\/predstavitev\/","name":"Predstavitev - NC-PIARC.si","isPartOf":{"@id":"https:\/\/nc-piarc.si\/#website"},"primaryImageOfPage":{"@id":"https:\/\/nc-piarc.si\/predstavitev\/#primaryimage"},"image":{"@id":"https:\/\/nc-piarc.si\/predstavitev\/#primaryimage"},"thumbnailUrl":"http:\/\/nc-piarc.si\/wp-content\/uploads\/2020\/09\/PIARC_SLO_LOGO-05-1-300x286.jpg","datePublished":"2020-01-14T13:01:32+00:00","dateModified":"2021-03-26T12:54:33+00:00","breadcrumb":{"@id":"https:\/\/nc-piarc.si\/predstavitev\/#breadcrumb"},"inLanguage":"en-GB","potentialAction":[{"@type":"ReadAction","target":["https:\/\/nc-piarc.si\/predstavitev\/"]}]},{"@type":"ImageObject","inLanguage":"en-GB","@id":"https:\/\/nc-piarc.si\/predstavitev\/#primaryimage","url":"http:\/\/nc-piarc.si\/wp-content\/uploads\/2020\/09\/PIARC_SLO_LOGO-05-1-300x286.jpg","contentUrl":"http:\/\/nc-piarc.si\/wp-content\/uploads\/2020\/09\/PIARC_SLO_LOGO-05-1-300x286.jpg"},{"@type":"BreadcrumbList","@id":"https:\/\/nc-piarc.si\/predstavitev\/#breadcrumb","itemListElement":[{"@type":"ListItem","position":1,"name":"Home","item":"https:\/\/nc-piarc.si\/"},{"@type":"ListItem","position":2,"name":"Predstavitev"}]},{"@type":"WebSite","@id":"https:\/\/nc-piarc.si\/#website","url":"https:\/\/nc-piarc.si\/","name":"NC-PIARC.si","description":"Spletna stran dru\u0161tva NC-PIARC Slovenije","publisher":{"@id":"https:\/\/nc-piarc.si\/#organization"},"potentialAction":[{"@type":"SearchAction","target":{"@type":"EntryPoint","urlTemplate":"https:\/\/nc-piarc.si\/?s={search_term_string}"},"query-input":{"@type":"PropertyValueSpecification","valueRequired":true,"valueName":"search_term_string"}}],"inLanguage":"en-GB"},{"@type":"Organization","@id":"https:\/\/nc-piarc.si\/#organization","name":"NC-PIARC.si","url":"https:\/\/nc-piarc.si\/","logo":{"@type":"ImageObject","inLanguage":"en-GB","@id":"https:\/\/nc-piarc.si\/#\/schema\/logo\/image\/","url":"https:\/\/nc-piarc.si\/wp-content\/uploads\/2020\/09\/cropped-PIARC_SLO_LOGO-05-1-1.jpg","contentUrl":"https:\/\/nc-piarc.si\/wp-content\/uploads\/2020\/09\/cropped-PIARC_SLO_LOGO-05-1-1.jpg","width":897,"height":1009,"caption":"NC-PIARC.si"},"image":{"@id":"https:\/\/nc-piarc.si\/#\/schema\/logo\/image\/"}}]}},"_links":{"self":[{"href":"https:\/\/nc-piarc.si\/en\/wp-json\/wp\/v2\/pages\/22"}],"collection":[{"href":"https:\/\/nc-piarc.si\/en\/wp-json\/wp\/v2\/pages"}],"about":[{"href":"https:\/\/nc-piarc.si\/en\/wp-json\/wp\/v2\/types\/page"}],"author":[{"embeddable":true,"href":"https:\/\/nc-piarc.si\/en\/wp-json\/wp\/v2\/users\/1"}],"replies":[{"embeddable":true,"href":"https:\/\/nc-piarc.si\/en\/wp-json\/wp\/v2\/comments?post=22"}],"version-history":[{"count":12,"href":"https:\/\/nc-piarc.si\/en\/wp-json\/wp\/v2\/pages\/22\/revisions"}],"predecessor-version":[{"id":968,"href":"https:\/\/nc-piarc.si\/en\/wp-json\/wp\/v2\/pages\/22\/revisions\/968"}],"wp:attachment":[{"href":"https:\/\/nc-piarc.si\/en\/wp-json\/wp\/v2\/media?parent=22"}],"curies":[{"name":"wp","href":"https:\/\/api.w.org\/{rel}","templated":true}]}}