{"id":13,"date":"2019-01-21T13:15:52","date_gmt":"2019-01-21T13:15:52","guid":{"rendered":"http:\/\/nc-piarc.si\/_dogodki-htm\/"},"modified":"2021-02-10T19:18:32","modified_gmt":"2021-02-10T19:18:32","slug":"dogodki","status":"publish","type":"page","link":"https:\/\/nc-piarc.si\/en\/dogodki\/","title":{"rendered":"Events"},"content":{"rendered":"<h3 class=\"wp-block-heading\"><span style=\"color: #ff9900;\">Calendar of events<\/span><\/h3>\n\n\n\n<p class=\"sans\"><span style=\"color: #ff9900;\"><strong>Overview of events scheduled for this year<\/strong><\/span><\/p>\n\n\n\n<p><strong><em>Due to unfavourable and unpredictable situation all over the world as the consequence of COVID-19 pandemic, carrying out of expert events cannot be confirmed. Please consult with the organizers of the events for the latest information.<\/em><\/strong><\/p>\n\n\n\n<p class=\"sans\">Here you can check larger international events, organised either by PIARC or by other similar organisations and assocciations that may nevertheless be of interest also for PIARC memebrs. At the end of the list we are reminding you also of some important events in the coming years.<\/p>\n\n\n\n<hr class=\"wp-block-separator is-style-wide\"\/>\n\n\n\n<h2 class=\"wp-block-heading\">2021 &#8211; 2023<\/h2>\n\n\n\n<figure class=\"wp-block-table\"><table><tbody><tr><td><em>Date<\/em><\/td><td><em>Event<\/em><\/td><td><em>Location<\/em><\/td><td><em>Domain<\/em><\/td><\/tr><tr><td>February 17, 2021 (13:00, Paris time)<\/td><td><a href=\"https:\/\/zoom.us\/meeting\/register\/tJcrdu6uqjoqG9RTe1lGX9jYnW3MuUgvgT0D\"><strong>Webinar &#8220;PIARC and COVID-19&#8221; (in English)<\/strong><\/a><strong><\/strong><\/td><td>Online<\/td><td>Governance of Road Authorities\nRoad Network Operations\nFreight Transport<\/td><\/tr><tr><td>17.-19. March, 2021<\/td><td><a href=\"http:\/\/www.reaaa.net\/announcement.php?adId=b57f9088ea8230\"><strong>16th REAAA Conference 2021<\/strong><\/a><strong><\/strong><\/td><td>Manila, Philippines<\/td><td class=\" translation-block\">Environment\nRoad Safety\nRoad Network Operations\nRoad Pavements<\/td><\/tr><tr><td>23.-26. March, 2021<\/td><td><a href=\"https:\/\/www.intertraffic.com\/amsterdam\/\"><strong>Intertraffic Amsterdam 2021<\/strong><\/a><strong><\/strong><\/td><td>Amsterdam, Netherlands<\/td><td>Road Safety\nRoad Network Operations\nUrban Mobility<\/td><\/tr><tr><td>16.-19. May, 2021<\/td><td><a href=\"https:\/\/www.wtc2021.dk\/\"><strong>World Tunnel Congress 2021<\/strong><\/a><strong><\/strong><\/td><td>Copenhagen, Denmark<\/td><td>Road Tunnel Operations<\/td><\/tr><tr><td>17.-19. May, 2021<\/td><td><a href=\"https:\/\/www.piarc.org\/ressources\/documents\/ANNOUNCEMENT-INTERNATIONALS-SEMINARS\/International-Conference-National-Committee-Poland-Lublin-May-2021\/a7b05e3-34515-Lublin-save-the-date-may-2021-PIARC.png\"><strong>Issues for sustainable roads and ecoinfrastructures: new challenges in the context of Energy and Climate<\/strong><\/a><strong><\/strong><\/td><td>Lublin, Poland<\/td><td>Environment<\/td><\/tr><tr><td>26.-28. May, 2021<\/td><td><a href=\"https:\/\/www.intertraffic.com\/istanbul\/\"><strong>Intertraffic Istanbul 2021<\/strong><\/a><strong><\/strong><\/td><td>Istanbul, Turkey<\/td><td>Road Safety\nRoad Network Operations\nUrban Mobility\nRoad Assets Management<\/td><\/tr><tr><td>8.-11. June, 2021<\/td><td><a href=\"https:\/\/icmpa2020.dryfta.com\/en\/\"><strong>ICMPA 2021 &#8211; 11th International Conference on Managing Pavement Assets<\/strong><\/a><strong><\/strong><\/td><td>Chicago, USA<\/td><td>Road Assets Management<\/td><\/tr><tr><td>19.-21. July, 2021<\/td><td><a href=\"http:\/\/geochina2021.geoconf.org\/index.php\"><strong>GeoChina 2021<\/strong><\/a><strong><\/strong><\/td><td>NanChang, Hotel China<\/td><td class=\" translation-block\">Risk Management\nRoad Network Operations\nRoad Pavements\nRoad Bridges\nRoad Tunnel Operations<\/td><\/tr><tr><td>22.-25. August, 2021<\/td><td><a href=\"http:\/\/www.balticroads.org\/index.php\/30th-international-baltic-road-conference.html\"><strong>30th International Baltic Road Conference<\/strong><\/a><strong><\/strong><\/td><td>Riga, Latvia<\/td><td class=\" translation-block\">Road Policies\nEnvironment\nFinancing of Road System\nRoad Safety\nRoad Network Operations\nUrban Mobility\nRoad Pavements\nRoad Bridges<\/td><\/tr><tr><td>6.-8. September, 2021<\/td><td><a href=\"https:\/\/www.aftes2020.fr\/en\/\"><strong>16th AFTES International congress<\/strong><\/a><strong><\/strong><\/td><td>Paris, France<\/td><td>Road Tunnel Operations<\/td><\/tr><tr><td>8.-9. September, 2021<\/td><td><a href=\"https:\/\/www.terrapinn.com\/exhibition\/roads-traffic-philippines\/index.stm\"><strong>The Roads &amp; Traffic Expo Philippines 2020<\/strong><\/a><strong><\/strong><\/td><td>Manila, Philippines<\/td><td>General<\/td><\/tr><tr><td>27.-29. September, 2021<\/td><td><a href=\"https:\/\/apt2020.sciencesconf.org\/\"><strong>6th international conference on Accelerated Pavement Testing (APT)<\/strong><\/a><strong><\/strong><\/td><td>Nantes, France<\/td><td>Road Pavements<\/td><\/tr><tr><td>27.-29. September, 2021<\/td><td><strong>International Seminar &#8220;Winter service on roads and other public places&#8221;<\/strong><\/td><td>Kiev, Ukraine<\/td><td>Winter Service\nTC 3.2<br>TC 3.2<\/td><\/tr><tr><td>18.-20. October, 2021<\/td><td><strong>International Seminar &#8220;Road Pavements acoustic durability and traffic pollutants reduction in the context of energy transition and climate change&#8221;<\/strong><\/td><td>Cluj-Napoca, Romania<\/td><td>Environment<br>TC 3.4<\/td><\/tr><tr><td>1.-12. November, 2021<\/td><td><a href=\"https:\/\/www.ukcop26.org\/\"><strong>26th UN Climate Change Conference of the Parties (COP26)<\/strong><\/a><strong><\/strong><\/td><td>Glasgow, United Kingdom<\/td><td>Environment<\/td><\/tr><tr><td>7.-9. November, 2021<\/td><td><a href=\"http:\/\/is-wim.org\/seminar3\/index.php?nm=0&amp;nsm=0&amp;lg=en\"><strong>International Seminar &#8220;Optimising Road Freight Transport using WIM Data&#8221;<\/strong><\/a><strong><\/strong><\/td><td>Pretoria, South Africa<\/td><td>Freight Transport<br>TC 2.3<\/td><\/tr><tr><td>9.-11. November, 2021<\/td><td><a href=\"https:\/\/www.intertraffic.com\/mexico\/\"><strong>Intertraffic Mexico 2021<\/strong><\/a><strong><\/strong><\/td><td>Mexico City, Mexico<\/td><td>Road Safety\nRoad Network Operations\nUrban Mobility\nRoad Assets Management<\/td><\/tr><tr><td>14.-17. December, 2021<\/td><td><a href=\"https:\/\/uitpsummit.org\/\"><strong>UITP Global Public Transport Summit<\/strong><\/a><strong><\/strong><\/td><td>Melbourne, Australia<\/td><td>Urban Mobility<\/td><\/tr><tr><td>9.-13. January, 2022<\/td><td><a href=\"http:\/\/www.trb.org\/Calendar\/Blurbs\/180117.aspx\"><strong>101th TRB Annual meeting<\/strong><\/a><strong><\/strong><\/td><td>Washington, USA<\/td><td>General<\/td><\/tr><tr><td>8.-11. February, 2022<\/td><td><a href=\"https:\/\/www.piarc.org\/en\/activities\/International-Winter-Road-Congresses-World-Road-Association\/International-Winter-Road-Congress-Calgary-2022\"><strong>XVIth International Winter Road Congress<\/strong><\/a><strong><\/strong><\/td><td>Calgary, Canada<\/td><td>Winter Service\nTC 3.2<\/td><\/tr><tr><td>9.-11. May, 2022<\/td><td><a href=\"https:\/\/www.tunnel-graz.at\/\"><strong>11th&nbsp;International Conference on tunnel safety and ventilation<\/strong><\/a><strong><\/strong><\/td><td>Graz, Austria<\/td><td>Road Tunnel Operations<\/td><\/tr><tr><td>19.-21. September, 2022<\/td><td><a href=\"https:\/\/itsinceeurope.com\/\"><strong>ITS&nbsp;Central Eastern Congress<\/strong><\/a><strong><\/strong><\/td><td>Kazan, Russia<\/td><td>General<\/td><\/tr><tr><td>5.-7. October, 2022<\/td><td><a href=\"https:\/\/www.fgsv-kongress.de\/\"><strong>German Road and Transportation Congress<\/strong><\/a><strong><\/strong><\/td><td>Dortmund, Germany<\/td><td>General<\/td><\/tr><tr><td>8.-12. January, 2023<\/td><td><a href=\"http:\/\/www.trb.org\/Calendar\/Blurbs\/180118.aspx\"><strong>102nd TRB Annual meeting<\/strong><\/a><strong><\/strong><\/td><td>Washington, USA<\/td><td>General<\/td><\/tr><tr><td>22.-24. May, 2023<\/td><td><a href=\"https:\/\/itseuropeancongress.com\/\"><strong>ITS European Congress 2023<\/strong><\/a><strong><\/strong><\/td><td>Lisbon, Portugal<\/td><td>Road Network Operations<\/td><\/tr><tr><td>2.-6. October, 2023<\/td><td><strong>XXVIIth World Road Congress<\/strong><\/td><td>Prague, Czech Republic<\/td><td>Road Policies\nEnvironment\nEconomic Studies\nFinancing of Road System\nGovernance of Road Authorities\nPlanning\nRisk Management\nProject Management\nRoad Safety\nRoad Network Operations\nWinter Service\nUrban Mobility\nFreight Transport\nDesign of Inter-urban Roads\nRoad Assets Management\nRural Roads\nRoad Pavements\nRoad Bridges\nRoad Tunnel Operations\nRoad Earthworks\nTerminology<\/td><\/tr><\/tbody><\/table><\/figure>","protected":false},"excerpt":{"rendered":"<p>Koledar dogodkov Pregled dogodkov, predvidenih v leto\u0161njem letu Zaradi neugodne in nepredvidljive situacije po vsem svetu, kot posledica pandemije COVID-19, je izvedba strokovnih dogodkov za leto 2021 in 2022 lahko vpra\u0161ljiva. Za natan\u010dne informacije se obrnite na organizatorje dogodkov. Na tej strani si lahko ogledate napovedane ve\u010dje mednarodne dogodke, ki [&hellip;]<\/p>","protected":false},"author":1,"featured_media":0,"parent":0,"menu_order":0,"comment_status":"closed","ping_status":"closed","template":"","meta":{"footnotes":""},"class_list":["post-13","page","type-page","status-publish","hentry"],"yoast_head":"<!-- This site is optimized with the Yoast SEO plugin v23.5 - https:\/\/yoast.com\/wordpress\/plugins\/seo\/ -->\n<title>Dogodki - NC-PIARC.si<\/title>\n<meta name=\"robots\" content=\"index, follow, max-snippet:-1, max-image-preview:large, max-video-preview:-1\" \/>\n<link rel=\"canonical\" href=\"https:\/\/nc-piarc.si\/en\/dogodki\/\" \/>\n<meta property=\"og:locale\" content=\"en_GB\" \/>\n<meta property=\"og:type\" content=\"article\" \/>\n<meta property=\"og:title\" content=\"Dogodki - NC-PIARC.si\" \/>\n<meta property=\"og:description\" content=\"Koledar dogodkov Pregled dogodkov, predvidenih v leto\u0161njem letu Zaradi neugodne in nepredvidljive situacije po vsem svetu, kot posledica pandemije COVID-19, je izvedba strokovnih dogodkov za leto 2021 in 2022 lahko vpra\u0161ljiva. Za natan\u010dne informacije se obrnite na organizatorje dogodkov. Na tej strani si lahko ogledate napovedane ve\u010dje mednarodne dogodke, ki [&hellip;]\" \/>\n<meta property=\"og:url\" content=\"https:\/\/nc-piarc.si\/en\/dogodki\/\" \/>\n<meta property=\"og:site_name\" content=\"NC-PIARC.si\" \/>\n<meta property=\"article:modified_time\" content=\"2021-02-10T19:18:32+00:00\" \/>\n<meta name=\"twitter:card\" content=\"summary_large_image\" \/>\n<meta name=\"twitter:label1\" content=\"Estimated reading time\" \/>\n\t<meta name=\"twitter:data1\" content=\"3 minutes\" \/>\n<script type=\"application\/ld+json\" class=\"yoast-schema-graph\">{\"@context\":\"https:\/\/schema.org\",\"@graph\":[{\"@type\":\"WebPage\",\"@id\":\"https:\/\/nc-piarc.si\/dogodki\/\",\"url\":\"https:\/\/nc-piarc.si\/dogodki\/\",\"name\":\"Dogodki - NC-PIARC.si\",\"isPartOf\":{\"@id\":\"https:\/\/nc-piarc.si\/#website\"},\"datePublished\":\"2019-01-21T13:15:52+00:00\",\"dateModified\":\"2021-02-10T19:18:32+00:00\",\"breadcrumb\":{\"@id\":\"https:\/\/nc-piarc.si\/dogodki\/#breadcrumb\"},\"inLanguage\":\"en-GB\",\"potentialAction\":[{\"@type\":\"ReadAction\",\"target\":[\"https:\/\/nc-piarc.si\/dogodki\/\"]}]},{\"@type\":\"BreadcrumbList\",\"@id\":\"https:\/\/nc-piarc.si\/dogodki\/#breadcrumb\",\"itemListElement\":[{\"@type\":\"ListItem\",\"position\":1,\"name\":\"Home\",\"item\":\"https:\/\/nc-piarc.si\/\"},{\"@type\":\"ListItem\",\"position\":2,\"name\":\"Dogodki\"}]},{\"@type\":\"WebSite\",\"@id\":\"https:\/\/nc-piarc.si\/#website\",\"url\":\"https:\/\/nc-piarc.si\/\",\"name\":\"NC-PIARC.si\",\"description\":\"Spletna stran dru\u0161tva NC-PIARC Slovenije\",\"publisher\":{\"@id\":\"https:\/\/nc-piarc.si\/#organization\"},\"potentialAction\":[{\"@type\":\"SearchAction\",\"target\":{\"@type\":\"EntryPoint\",\"urlTemplate\":\"https:\/\/nc-piarc.si\/?s={search_term_string}\"},\"query-input\":{\"@type\":\"PropertyValueSpecification\",\"valueRequired\":true,\"valueName\":\"search_term_string\"}}],\"inLanguage\":\"en-GB\"},{\"@type\":\"Organization\",\"@id\":\"https:\/\/nc-piarc.si\/#organization\",\"name\":\"NC-PIARC.si\",\"url\":\"https:\/\/nc-piarc.si\/\",\"logo\":{\"@type\":\"ImageObject\",\"inLanguage\":\"en-GB\",\"@id\":\"https:\/\/nc-piarc.si\/#\/schema\/logo\/image\/\",\"url\":\"https:\/\/nc-piarc.si\/wp-content\/uploads\/2020\/09\/cropped-PIARC_SLO_LOGO-05-1-1.jpg\",\"contentUrl\":\"https:\/\/nc-piarc.si\/wp-content\/uploads\/2020\/09\/cropped-PIARC_SLO_LOGO-05-1-1.jpg\",\"width\":897,\"height\":1009,\"caption\":\"NC-PIARC.si\"},\"image\":{\"@id\":\"https:\/\/nc-piarc.si\/#\/schema\/logo\/image\/\"}}]}<\/script>\n<!-- \/ Yoast SEO plugin. -->","yoast_head_json":{"title":"Dogodki - NC-PIARC.si","robots":{"index":"index","follow":"follow","max-snippet":"max-snippet:-1","max-image-preview":"max-image-preview:large","max-video-preview":"max-video-preview:-1"},"canonical":"https:\/\/nc-piarc.si\/en\/dogodki\/","og_locale":"en_GB","og_type":"article","og_title":"Dogodki - NC-PIARC.si","og_description":"Koledar dogodkov Pregled dogodkov, predvidenih v leto\u0161njem letu Zaradi neugodne in nepredvidljive situacije po vsem svetu, kot posledica pandemije COVID-19, je izvedba strokovnih dogodkov za leto 2021 in 2022 lahko vpra\u0161ljiva. Za natan\u010dne informacije se obrnite na organizatorje dogodkov. Na tej strani si lahko ogledate napovedane ve\u010dje mednarodne dogodke, ki [&hellip;]","og_url":"https:\/\/nc-piarc.si\/en\/dogodki\/","og_site_name":"NC-PIARC.si","article_modified_time":"2021-02-10T19:18:32+00:00","twitter_card":"summary_large_image","twitter_misc":{"Estimated reading time":"3 minutes"},"schema":{"@context":"https:\/\/schema.org","@graph":[{"@type":"WebPage","@id":"https:\/\/nc-piarc.si\/dogodki\/","url":"https:\/\/nc-piarc.si\/dogodki\/","name":"Dogodki - NC-PIARC.si","isPartOf":{"@id":"https:\/\/nc-piarc.si\/#website"},"datePublished":"2019-01-21T13:15:52+00:00","dateModified":"2021-02-10T19:18:32+00:00","breadcrumb":{"@id":"https:\/\/nc-piarc.si\/dogodki\/#breadcrumb"},"inLanguage":"en-GB","potentialAction":[{"@type":"ReadAction","target":["https:\/\/nc-piarc.si\/dogodki\/"]}]},{"@type":"BreadcrumbList","@id":"https:\/\/nc-piarc.si\/dogodki\/#breadcrumb","itemListElement":[{"@type":"ListItem","position":1,"name":"Home","item":"https:\/\/nc-piarc.si\/"},{"@type":"ListItem","position":2,"name":"Dogodki"}]},{"@type":"WebSite","@id":"https:\/\/nc-piarc.si\/#website","url":"https:\/\/nc-piarc.si\/","name":"NC-PIARC.si","description":"Spletna stran dru\u0161tva NC-PIARC Slovenije","publisher":{"@id":"https:\/\/nc-piarc.si\/#organization"},"potentialAction":[{"@type":"SearchAction","target":{"@type":"EntryPoint","urlTemplate":"https:\/\/nc-piarc.si\/?s={search_term_string}"},"query-input":{"@type":"PropertyValueSpecification","valueRequired":true,"valueName":"search_term_string"}}],"inLanguage":"en-GB"},{"@type":"Organization","@id":"https:\/\/nc-piarc.si\/#organization","name":"NC-PIARC.si","url":"https:\/\/nc-piarc.si\/","logo":{"@type":"ImageObject","inLanguage":"en-GB","@id":"https:\/\/nc-piarc.si\/#\/schema\/logo\/image\/","url":"https:\/\/nc-piarc.si\/wp-content\/uploads\/2020\/09\/cropped-PIARC_SLO_LOGO-05-1-1.jpg","contentUrl":"https:\/\/nc-piarc.si\/wp-content\/uploads\/2020\/09\/cropped-PIARC_SLO_LOGO-05-1-1.jpg","width":897,"height":1009,"caption":"NC-PIARC.si"},"image":{"@id":"https:\/\/nc-piarc.si\/#\/schema\/logo\/image\/"}}]}},"_links":{"self":[{"href":"https:\/\/nc-piarc.si\/en\/wp-json\/wp\/v2\/pages\/13"}],"collection":[{"href":"https:\/\/nc-piarc.si\/en\/wp-json\/wp\/v2\/pages"}],"about":[{"href":"https:\/\/nc-piarc.si\/en\/wp-json\/wp\/v2\/types\/page"}],"author":[{"embeddable":true,"href":"https:\/\/nc-piarc.si\/en\/wp-json\/wp\/v2\/users\/1"}],"replies":[{"embeddable":true,"href":"https:\/\/nc-piarc.si\/en\/wp-json\/wp\/v2\/comments?post=13"}],"version-history":[{"count":9,"href":"https:\/\/nc-piarc.si\/en\/wp-json\/wp\/v2\/pages\/13\/revisions"}],"predecessor-version":[{"id":930,"href":"https:\/\/nc-piarc.si\/en\/wp-json\/wp\/v2\/pages\/13\/revisions\/930"}],"wp:attachment":[{"href":"https:\/\/nc-piarc.si\/en\/wp-json\/wp\/v2\/media?parent=13"}],"curies":[{"name":"wp","href":"https:\/\/api.w.org\/{rel}","templated":true}]}}